{"id":1635,"date":"2024-10-21T07:51:37","date_gmt":"2024-10-21T07:51:37","guid":{"rendered":"https:\/\/paarpsgard.se\/?page_id=1635"},"modified":"2024-10-25T12:42:30","modified_gmt":"2024-10-25T12:42:30","slug":"photos","status":"publish","type":"page","link":"https:\/\/paarpsgard.se\/en\/photos\/","title":{"rendered":"Photo gallery"},"content":{"rendered":"\t\t<div data-elementor-type=\"wp-page\" data-elementor-id=\"1635\" class=\"elementor elementor-1635 elementor-1634\" data-elementor-post-type=\"page\">\n\t\t\t\t<div class=\"elementor-element elementor-element-e0612ed e-con-full e-flex e-con e-parent\" data-id=\"e0612ed\" data-element_type=\"container\" data-e-type=\"container\">\n\t\t\t\t<div class=\"elementor-element elementor-element-dbd395f elementor-widget elementor-widget-heading\" data-id=\"dbd395f\" data-element_type=\"widget\" data-e-type=\"widget\" data-widget_type=\"heading.default\">\n\t\t\t\t<div class=\"elementor-widget-container\">\n\t\t\t\t\t<h1 class=\"elementor-heading-title elementor-size-default\">Activities<\/h1>\t\t\t\t<\/div>\n\t\t\t\t<\/div>\n\t\t\t\t<div class=\"elementor-element elementor-element-5df921a elementor-widget elementor-widget-text-editor\" data-id=\"5df921a\" data-element_type=\"widget\" data-e-type=\"widget\" data-widget_type=\"text-editor.default\">\n\t\t\t\t<div class=\"elementor-widget-container\">\n\t\t\t\t\t\t\t\t\t<p>Experience our fun and relaxing activities:<\/p>\n\t\t\t\t\t\t\t\t<\/div>\n\t\t\t\t<\/div>\n\t\t\t\t<div class=\"elementor-element elementor-element-8323beb elementor-widget-divider--view-line elementor-widget elementor-widget-divider\" data-id=\"8323beb\" data-element_type=\"widget\" data-e-type=\"widget\" data-widget_type=\"divider.default\">\n\t\t\t\t<div class=\"elementor-widget-container\">\n\t\t\t\t\t\t\t<div class=\"elementor-divider\">\n\t\t\t<span class=\"elementor-divider-separator\">\n\t\t\t\t\t\t<\/span>\n\t\t<\/div>\n\t\t\t\t\t\t<\/div>\n\t\t\t\t<\/div>\n\t\t\t\t<\/div>\n\t\t<div class=\"elementor-element elementor-element-4324dd7 e-con-full e-flex e-con e-parent\" data-id=\"4324dd7\" data-element_type=\"container\" data-e-type=\"container\">\n\t\t\t\t<div class=\"elementor-element elementor-element-bb8a7ea elementor-widget elementor-widget-gallery\" data-id=\"bb8a7ea\" data-element_type=\"widget\" data-e-type=\"widget\" data-settings=\"{&quot;gallery_layout&quot;:&quot;justified&quot;,&quot;lazyload&quot;:&quot;yes&quot;,&quot;ideal_row_height&quot;:{&quot;unit&quot;:&quot;px&quot;,&quot;size&quot;:200,&quot;sizes&quot;:[]},&quot;ideal_row_height_tablet&quot;:{&quot;unit&quot;:&quot;px&quot;,&quot;size&quot;:150,&quot;sizes&quot;:[]},&quot;ideal_row_height_mobile&quot;:{&quot;unit&quot;:&quot;px&quot;,&quot;size&quot;:150,&quot;sizes&quot;:[]},&quot;gap&quot;:{&quot;unit&quot;:&quot;px&quot;,&quot;size&quot;:10,&quot;sizes&quot;:[]},&quot;gap_tablet&quot;:{&quot;unit&quot;:&quot;px&quot;,&quot;size&quot;:10,&quot;sizes&quot;:[]},&quot;gap_mobile&quot;:{&quot;unit&quot;:&quot;px&quot;,&quot;size&quot;:10,&quot;sizes&quot;:[]},&quot;link_to&quot;:&quot;file&quot;,&quot;overlay_background&quot;:&quot;yes&quot;,&quot;content_hover_animation&quot;:&quot;fade-in&quot;}\" data-widget_type=\"gallery.default\">\n\t\t\t\t<div class=\"elementor-widget-container\">\n\t\t\t\t\t\t\t<div class=\"elementor-gallery__container\">\n\t\t\t\t\t\t\t<a class=\"e-gallery-item elementor-gallery-item elementor-animated-content\" href=\"https:\/\/paarpsgard.se\/wp-content\/uploads\/2024\/10\/DJI_0017-1-scaled.jpeg\" data-elementor-open-lightbox=\"yes\" data-elementor-lightbox-slideshow=\"bb8a7ea\" data-elementor-lightbox-title=\"default\" data-e-action-hash=\"#elementor-action%3Aaction%3Dlightbox%26settings%3DeyJpZCI6MTYzOCwidXJsIjoiaHR0cHM6XC9cL3BhYXJwc2dhcmQuc2VcL3dwLWNvbnRlbnRcL3VwbG9hZHNcLzIwMjRcLzEwXC9ESklfMDAxNy0xLXNjYWxlZC5qcGVnIiwic2xpZGVzaG93IjoiYmI4YTdlYSJ9\">\n\t\t\t\t\t<div class=\"e-gallery-image elementor-gallery-item__image\" data-thumbnail=\"https:\/\/paarpsgard.se\/wp-content\/uploads\/2024\/10\/DJI_0017-1-300x225.jpeg\" data-width=\"300\" data-height=\"225\" aria-label=\"\" role=\"img\" ><\/div>\n\t\t\t\t\t\t\t\t\t\t\t<div class=\"elementor-gallery-item__overlay\"><\/div>\n\t\t\t\t\t\t\t\t\t\t\t\t\t\t<\/a>\n\t\t\t\t\t\t\t<a class=\"e-gallery-item elementor-gallery-item elementor-animated-content\" href=\"https:\/\/paarpsgard.se\/wp-content\/uploads\/2024\/10\/DJI_0890-1-scaled.jpeg\" data-elementor-open-lightbox=\"yes\" data-elementor-lightbox-slideshow=\"bb8a7ea\" data-elementor-lightbox-title=\"default\" data-e-action-hash=\"#elementor-action%3Aaction%3Dlightbox%26settings%3DeyJpZCI6MTY0MCwidXJsIjoiaHR0cHM6XC9cL3BhYXJwc2dhcmQuc2VcL3dwLWNvbnRlbnRcL3VwbG9hZHNcLzIwMjRcLzEwXC9ESklfMDg5MC0xLXNjYWxlZC5qcGVnIiwic2xpZGVzaG93IjoiYmI4YTdlYSJ9\">\n\t\t\t\t\t<div class=\"e-gallery-image elementor-gallery-item__image\" data-thumbnail=\"https:\/\/paarpsgard.se\/wp-content\/uploads\/2024\/10\/DJI_0890-1-300x225.jpeg\" data-width=\"300\" data-height=\"225\" aria-label=\"\" role=\"img\" ><\/div>\n\t\t\t\t\t\t\t\t\t\t\t<div class=\"elementor-gallery-item__overlay\"><\/div>\n\t\t\t\t\t\t\t\t\t\t\t\t\t\t<\/a>\n\t\t\t\t\t\t\t<a class=\"e-gallery-item elementor-gallery-item elementor-animated-content\" href=\"https:\/\/paarpsgard.se\/wp-content\/uploads\/2024\/10\/DJI_0998-scaled.jpeg\" data-elementor-open-lightbox=\"yes\" data-elementor-lightbox-slideshow=\"bb8a7ea\" data-elementor-lightbox-title=\"default\" data-e-action-hash=\"#elementor-action%3Aaction%3Dlightbox%26settings%3DeyJpZCI6MTY0MywidXJsIjoiaHR0cHM6XC9cL3BhYXJwc2dhcmQuc2VcL3dwLWNvbnRlbnRcL3VwbG9hZHNcLzIwMjRcLzEwXC9ESklfMDk5OC1zY2FsZWQuanBlZyIsInNsaWRlc2hvdyI6ImJiOGE3ZWEifQ%3D%3D\">\n\t\t\t\t\t<div class=\"e-gallery-image elementor-gallery-item__image\" data-thumbnail=\"https:\/\/paarpsgard.se\/wp-content\/uploads\/2024\/10\/DJI_0998-300x225.jpeg\" data-width=\"300\" data-height=\"225\" aria-label=\"\" role=\"img\" ><\/div>\n\t\t\t\t\t\t\t\t\t\t\t<div class=\"elementor-gallery-item__overlay\"><\/div>\n\t\t\t\t\t\t\t\t\t\t\t\t\t\t<\/a>\n\t\t\t\t\t\t\t<a class=\"e-gallery-item elementor-gallery-item elementor-animated-content\" href=\"https:\/\/paarpsgard.se\/wp-content\/uploads\/2024\/10\/Femkamp3-1-scaled.jpg\" data-elementor-open-lightbox=\"yes\" data-elementor-lightbox-slideshow=\"bb8a7ea\" data-elementor-lightbox-title=\"Femkamp3\" data-e-action-hash=\"#elementor-action%3Aaction%3Dlightbox%26settings%3DeyJpZCI6MTY0NSwidXJsIjoiaHR0cHM6XC9cL3BhYXJwc2dhcmQuc2VcL3dwLWNvbnRlbnRcL3VwbG9hZHNcLzIwMjRcLzEwXC9GZW1rYW1wMy0xLXNjYWxlZC5qcGciLCJzbGlkZXNob3ciOiJiYjhhN2VhIn0%3D\">\n\t\t\t\t\t<div class=\"e-gallery-image elementor-gallery-item__image\" data-thumbnail=\"https:\/\/paarpsgard.se\/wp-content\/uploads\/2024\/10\/Femkamp3-1-300x225.jpg\" data-width=\"300\" data-height=\"225\" aria-label=\"\" role=\"img\" ><\/div>\n\t\t\t\t\t\t\t\t\t\t\t<div class=\"elementor-gallery-item__overlay\"><\/div>\n\t\t\t\t\t\t\t\t\t\t\t\t\t\t<\/a>\n\t\t\t\t\t\t\t<a class=\"e-gallery-item elementor-gallery-item elementor-animated-content\" href=\"https:\/\/paarpsgard.se\/wp-content\/uploads\/2024\/10\/Fiske-2-scaled.jpg\" data-elementor-open-lightbox=\"yes\" data-elementor-lightbox-slideshow=\"bb8a7ea\" data-elementor-lightbox-title=\"Fiske\" data-e-action-hash=\"#elementor-action%3Aaction%3Dlightbox%26settings%3DeyJpZCI6MTY0NywidXJsIjoiaHR0cHM6XC9cL3BhYXJwc2dhcmQuc2VcL3dwLWNvbnRlbnRcL3VwbG9hZHNcLzIwMjRcLzEwXC9GaXNrZS0yLXNjYWxlZC5qcGciLCJzbGlkZXNob3ciOiJiYjhhN2VhIn0%3D\">\n\t\t\t\t\t<div class=\"e-gallery-image elementor-gallery-item__image\" data-thumbnail=\"https:\/\/paarpsgard.se\/wp-content\/uploads\/2024\/10\/Fiske-2-300x225.jpg\" data-width=\"300\" data-height=\"225\" aria-label=\"\" role=\"img\" ><\/div>\n\t\t\t\t\t\t\t\t\t\t\t<div class=\"elementor-gallery-item__overlay\"><\/div>\n\t\t\t\t\t\t\t\t\t\t\t\t\t\t<\/a>\n\t\t\t\t\t\t\t<a class=\"e-gallery-item elementor-gallery-item elementor-animated-content\" href=\"https:\/\/paarpsgard.se\/wp-content\/uploads\/2024\/10\/DJI_0782-scaled.jpeg\" data-elementor-open-lightbox=\"yes\" data-elementor-lightbox-slideshow=\"bb8a7ea\" data-elementor-lightbox-title=\"default\" data-e-action-hash=\"#elementor-action%3Aaction%3Dlightbox%26settings%3DeyJpZCI6MTY0OSwidXJsIjoiaHR0cHM6XC9cL3BhYXJwc2dhcmQuc2VcL3dwLWNvbnRlbnRcL3VwbG9hZHNcLzIwMjRcLzEwXC9ESklfMDc4Mi1zY2FsZWQuanBlZyIsInNsaWRlc2hvdyI6ImJiOGE3ZWEifQ%3D%3D\">\n\t\t\t\t\t<div class=\"e-gallery-image elementor-gallery-item__image\" data-thumbnail=\"https:\/\/paarpsgard.se\/wp-content\/uploads\/2024\/10\/DJI_0782-300x225.jpeg\" data-width=\"300\" data-height=\"225\" aria-label=\"\" role=\"img\" ><\/div>\n\t\t\t\t\t\t\t\t\t\t\t<div class=\"elementor-gallery-item__overlay\"><\/div>\n\t\t\t\t\t\t\t\t\t\t\t\t\t\t<\/a>\n\t\t\t\t\t\t\t<a class=\"e-gallery-item elementor-gallery-item elementor-animated-content\" href=\"https:\/\/paarpsgard.se\/wp-content\/uploads\/2024\/10\/DJI_0786-scaled.jpeg\" data-elementor-open-lightbox=\"yes\" data-elementor-lightbox-slideshow=\"bb8a7ea\" data-elementor-lightbox-title=\"default\" data-e-action-hash=\"#elementor-action%3Aaction%3Dlightbox%26settings%3DeyJpZCI6MTY1MSwidXJsIjoiaHR0cHM6XC9cL3BhYXJwc2dhcmQuc2VcL3dwLWNvbnRlbnRcL3VwbG9hZHNcLzIwMjRcLzEwXC9ESklfMDc4Ni1zY2FsZWQuanBlZyIsInNsaWRlc2hvdyI6ImJiOGE3ZWEifQ%3D%3D\">\n\t\t\t\t\t<div class=\"e-gallery-image elementor-gallery-item__image\" data-thumbnail=\"https:\/\/paarpsgard.se\/wp-content\/uploads\/2024\/10\/DJI_0786-300x225.jpeg\" data-width=\"300\" data-height=\"225\" aria-label=\"\" role=\"img\" ><\/div>\n\t\t\t\t\t\t\t\t\t\t\t<div class=\"elementor-gallery-item__overlay\"><\/div>\n\t\t\t\t\t\t\t\t\t\t\t\t\t\t<\/a>\n\t\t\t\t\t\t\t<a class=\"e-gallery-item elementor-gallery-item elementor-animated-content\" href=\"https:\/\/paarpsgard.se\/wp-content\/uploads\/2024\/10\/DJI_0792-scaled.jpeg\" data-elementor-open-lightbox=\"yes\" data-elementor-lightbox-slideshow=\"bb8a7ea\" data-elementor-lightbox-title=\"default\" data-e-action-hash=\"#elementor-action%3Aaction%3Dlightbox%26settings%3DeyJpZCI6MTY1MywidXJsIjoiaHR0cHM6XC9cL3BhYXJwc2dhcmQuc2VcL3dwLWNvbnRlbnRcL3VwbG9hZHNcLzIwMjRcLzEwXC9ESklfMDc5Mi1zY2FsZWQuanBlZyIsInNsaWRlc2hvdyI6ImJiOGE3ZWEifQ%3D%3D\">\n\t\t\t\t\t<div class=\"e-gallery-image elementor-gallery-item__image\" data-thumbnail=\"https:\/\/paarpsgard.se\/wp-content\/uploads\/2024\/10\/DJI_0792-300x225.jpeg\" data-width=\"300\" data-height=\"225\" aria-label=\"\" role=\"img\" ><\/div>\n\t\t\t\t\t\t\t\t\t\t\t<div class=\"elementor-gallery-item__overlay\"><\/div>\n\t\t\t\t\t\t\t\t\t\t\t\t\t\t<\/a>\n\t\t\t\t\t\t\t<a class=\"e-gallery-item elementor-gallery-item elementor-animated-content\" href=\"https:\/\/paarpsgard.se\/wp-content\/uploads\/2024\/10\/IMG_3477-scaled.jpg\" data-elementor-open-lightbox=\"yes\" data-elementor-lightbox-slideshow=\"bb8a7ea\" data-elementor-lightbox-title=\"IMG_3477\" data-e-action-hash=\"#elementor-action%3Aaction%3Dlightbox%26settings%3DeyJpZCI6MTQ4NiwidXJsIjoiaHR0cHM6XC9cL3BhYXJwc2dhcmQuc2VcL3dwLWNvbnRlbnRcL3VwbG9hZHNcLzIwMjRcLzEwXC9JTUdfMzQ3Ny1zY2FsZWQuanBnIiwic2xpZGVzaG93IjoiYmI4YTdlYSJ9\">\n\t\t\t\t\t<div class=\"e-gallery-image elementor-gallery-item__image\" data-thumbnail=\"https:\/\/paarpsgard.se\/wp-content\/uploads\/2024\/10\/IMG_3477-225x300.jpg\" data-width=\"225\" data-height=\"300\" aria-label=\"\" role=\"img\" ><\/div>\n\t\t\t\t\t\t\t\t\t\t\t<div class=\"elementor-gallery-item__overlay\"><\/div>\n\t\t\t\t\t\t\t\t\t\t\t\t\t\t<\/a>\n\t\t\t\t\t\t\t<a class=\"e-gallery-item elementor-gallery-item elementor-animated-content\" href=\"https:\/\/paarpsgard.se\/wp-content\/uploads\/2024\/10\/bat.jpg\" data-elementor-open-lightbox=\"yes\" data-elementor-lightbox-slideshow=\"bb8a7ea\" data-elementor-lightbox-title=\"bat\" data-e-action-hash=\"#elementor-action%3Aaction%3Dlightbox%26settings%3DeyJpZCI6MTQ0OCwidXJsIjoiaHR0cHM6XC9cL3BhYXJwc2dhcmQuc2VcL3dwLWNvbnRlbnRcL3VwbG9hZHNcLzIwMjRcLzEwXC9iYXQuanBnIiwic2xpZGVzaG93IjoiYmI4YTdlYSJ9\">\n\t\t\t\t\t<div class=\"e-gallery-image elementor-gallery-item__image\" data-thumbnail=\"https:\/\/paarpsgard.se\/wp-content\/uploads\/2024\/10\/bat-248x300.jpg\" data-width=\"248\" data-height=\"300\" aria-label=\"\" role=\"img\" ><\/div>\n\t\t\t\t\t\t\t\t\t\t\t<div class=\"elementor-gallery-item__overlay\"><\/div>\n\t\t\t\t\t\t\t\t\t\t\t\t\t\t<\/a>\n\t\t\t\t\t\t\t<a class=\"e-gallery-item elementor-gallery-item elementor-animated-content\" href=\"https:\/\/paarpsgard.se\/wp-content\/uploads\/2024\/09\/Paarp-43.jpg\" data-elementor-open-lightbox=\"yes\" data-elementor-lightbox-slideshow=\"bb8a7ea\" data-elementor-lightbox-title=\"Paarp-43\" data-e-action-hash=\"#elementor-action%3Aaction%3Dlightbox%26settings%3DeyJpZCI6MTM2MSwidXJsIjoiaHR0cHM6XC9cL3BhYXJwc2dhcmQuc2VcL3dwLWNvbnRlbnRcL3VwbG9hZHNcLzIwMjRcLzA5XC9QYWFycC00My5qcGciLCJzbGlkZXNob3ciOiJiYjhhN2VhIn0%3D\">\n\t\t\t\t\t<div class=\"e-gallery-image elementor-gallery-item__image\" data-thumbnail=\"https:\/\/paarpsgard.se\/wp-content\/uploads\/2024\/09\/Paarp-43-300x200.jpg\" data-width=\"300\" data-height=\"200\" aria-label=\"\" role=\"img\" ><\/div>\n\t\t\t\t\t\t\t\t\t\t\t<div class=\"elementor-gallery-item__overlay\"><\/div>\n\t\t\t\t\t\t\t\t\t\t\t\t\t\t<\/a>\n\t\t\t\t\t\t\t<a class=\"e-gallery-item elementor-gallery-item elementor-animated-content\" href=\"https:\/\/paarpsgard.se\/wp-content\/uploads\/2024\/09\/start.jpeg\" data-elementor-open-lightbox=\"yes\" data-elementor-lightbox-slideshow=\"bb8a7ea\" data-elementor-lightbox-title=\"start\" data-e-action-hash=\"#elementor-action%3Aaction%3Dlightbox%26settings%3DeyJpZCI6MTY2NSwidXJsIjoiaHR0cHM6XC9cL3BhYXJwc2dhcmQuc2VcL3dwLWNvbnRlbnRcL3VwbG9hZHNcLzIwMjRcLzA5XC9zdGFydC5qcGVnIiwic2xpZGVzaG93IjoiYmI4YTdlYSJ9\">\n\t\t\t\t\t<div class=\"e-gallery-image elementor-gallery-item__image\" data-thumbnail=\"https:\/\/paarpsgard.se\/wp-content\/uploads\/2024\/09\/start-300x188.jpeg\" data-width=\"300\" data-height=\"188\" aria-label=\"\" role=\"img\" ><\/div>\n\t\t\t\t\t\t\t\t\t\t\t<div class=\"elementor-gallery-item__overlay\"><\/div>\n\t\t\t\t\t\t\t\t\t\t\t\t\t\t<\/a>\n\t\t\t\t\t<\/div>\n\t\t\t\t\t<\/div>\n\t\t\t\t<\/div>\n\t\t\t\t<\/div>\n\t\t<div class=\"elementor-element elementor-element-c5d2f56 e-con-full e-flex e-con e-parent\" data-id=\"c5d2f56\" data-element_type=\"container\" data-e-type=\"container\">\n\t\t<div class=\"elementor-element elementor-element-d806055 e-con-full e-flex e-con e-child\" data-id=\"d806055\" data-element_type=\"container\" data-e-type=\"container\">\n\t\t\t\t<div class=\"elementor-element elementor-element-ecd19d5 elementor-widget-divider--view-line_icon elementor-view-default elementor-widget-divider--element-align-center elementor-widget elementor-widget-divider\" data-id=\"ecd19d5\" data-element_type=\"widget\" data-e-type=\"widget\" data-widget_type=\"divider.default\">\n\t\t\t\t<div class=\"elementor-widget-container\">\n\t\t\t\t\t\t\t<div class=\"elementor-divider\">\n\t\t\t<span class=\"elementor-divider-separator\">\n\t\t\t\t\t\t\t<div class=\"elementor-icon elementor-divider__element\">\n\t\t\t\t\t<svg aria-hidden=\"true\" class=\"e-font-icon-svg e-fas-leaf\" viewBox=\"0 0 576 512\" xmlns=\"http:\/\/www.w3.org\/2000\/svg\"><path d=\"M546.2 9.7c-5.6-12.5-21.6-13-28.3-1.2C486.9 62.4 431.4 96 368 96h-80C182 96 96 182 96 288c0 7 .8 13.7 1.5 20.5C161.3 262.8 253.4 224 384 224c8.8 0 16 7.2 16 16s-7.2 16-16 16C132.6 256 26 410.1 2.4 468c-6.6 16.3 1.2 34.9 17.5 41.6 16.4 6.8 35-1.1 41.8-17.3 1.5-3.6 20.9-47.9 71.9-90.6 32.4 43.9 94 85.8 174.9 77.2C465.5 467.5 576 326.7 576 154.3c0-50.2-10.8-102.2-29.8-144.6z\"><\/path><\/svg><\/div>\n\t\t\t\t\t\t<\/span>\n\t\t<\/div>\n\t\t\t\t\t\t<\/div>\n\t\t\t\t<\/div>\n\t\t\t\t<\/div>\n\t\t\t\t<\/div>\n\t\t\t\t<\/div>\n\t\t","protected":false},"excerpt":{"rendered":"<p>Activities Experience our fun and relaxing activities:<\/p>\n","protected":false},"author":1,"featured_media":0,"parent":0,"menu_order":0,"comment_status":"closed","ping_status":"closed","template":"","meta":{"footnotes":""},"class_list":["post-1635","page","type-page","status-publish","hentry"],"yoast_head":"<!-- This site is optimized with the Yoast SEO plugin v27.4 - https:\/\/yoast.com\/product\/yoast-seo-wordpress\/ -->\n<title>Photo gallery -<\/title>\n<meta name=\"robots\" content=\"index, follow, max-snippet:-1, max-image-preview:large, max-video-preview:-1\" \/>\n<link rel=\"canonical\" href=\"https:\/\/paarpsgard.se\/en\/photos\/\" \/>\n<meta property=\"og:locale\" content=\"en_US\" \/>\n<meta property=\"og:type\" content=\"article\" \/>\n<meta property=\"og:title\" content=\"Photo gallery -\" \/>\n<meta property=\"og:description\" content=\"Activities Experience our fun and relaxing activities:\" \/>\n<meta property=\"og:url\" content=\"https:\/\/paarpsgard.se\/en\/photos\/\" \/>\n<meta property=\"og:site_name\" content=\"P\u00e5aarps G\u00e5rd\" \/>\n<meta property=\"article:modified_time\" content=\"2024-10-25T12:42:30+00:00\" \/>\n<meta name=\"twitter:card\" content=\"summary_large_image\" \/>\n<script type=\"application\/ld+json\" class=\"yoast-schema-graph\">{\"@context\":\"https:\\\/\\\/schema.org\",\"@graph\":[{\"@type\":\"WebPage\",\"@id\":\"https:\\\/\\\/paarpsgard.se\\\/en\\\/photos\\\/\",\"url\":\"https:\\\/\\\/paarpsgard.se\\\/en\\\/photos\\\/\",\"name\":\"Photo gallery -\",\"isPartOf\":{\"@id\":\"https:\\\/\\\/paarpsgard.se\\\/#website\"},\"datePublished\":\"2024-10-21T07:51:37+00:00\",\"dateModified\":\"2024-10-25T12:42:30+00:00\",\"breadcrumb\":{\"@id\":\"https:\\\/\\\/paarpsgard.se\\\/en\\\/photos\\\/#breadcrumb\"},\"inLanguage\":\"en-US\",\"potentialAction\":[{\"@type\":\"ReadAction\",\"target\":[\"https:\\\/\\\/paarpsgard.se\\\/en\\\/photos\\\/\"]}]},{\"@type\":\"BreadcrumbList\",\"@id\":\"https:\\\/\\\/paarpsgard.se\\\/en\\\/photos\\\/#breadcrumb\",\"itemListElement\":[{\"@type\":\"ListItem\",\"position\":1,\"name\":\"Home\",\"item\":\"https:\\\/\\\/paarpsgard.se\\\/\"},{\"@type\":\"ListItem\",\"position\":2,\"name\":\"Photo gallery\"}]},{\"@type\":\"WebSite\",\"@id\":\"https:\\\/\\\/paarpsgard.se\\\/#website\",\"url\":\"https:\\\/\\\/paarpsgard.se\\\/\",\"name\":\"P\u00e5aarps G\u00e5rd\",\"description\":\"P\u00e5aarps G\u00e5rd\",\"publisher\":{\"@id\":\"https:\\\/\\\/paarpsgard.se\\\/#organization\"},\"potentialAction\":[{\"@type\":\"SearchAction\",\"target\":{\"@type\":\"EntryPoint\",\"urlTemplate\":\"https:\\\/\\\/paarpsgard.se\\\/?s={search_term_string}\"},\"query-input\":{\"@type\":\"PropertyValueSpecification\",\"valueRequired\":true,\"valueName\":\"search_term_string\"}}],\"inLanguage\":\"en-US\"},{\"@type\":\"Organization\",\"@id\":\"https:\\\/\\\/paarpsgard.se\\\/#organization\",\"name\":\"P\u00e5aarps G\u00e5rd\",\"url\":\"https:\\\/\\\/paarpsgard.se\\\/\",\"logo\":{\"@type\":\"ImageObject\",\"inLanguage\":\"en-US\",\"@id\":\"https:\\\/\\\/paarpsgard.se\\\/#\\\/schema\\\/logo\\\/image\\\/\",\"url\":\"https:\\\/\\\/paarpsgard.se\\\/wp-content\\\/uploads\\\/2024\\\/03\\\/logo.png\",\"contentUrl\":\"https:\\\/\\\/paarpsgard.se\\\/wp-content\\\/uploads\\\/2024\\\/03\\\/logo.png\",\"width\":280,\"height\":110,\"caption\":\"P\u00e5aarps G\u00e5rd\"},\"image\":{\"@id\":\"https:\\\/\\\/paarpsgard.se\\\/#\\\/schema\\\/logo\\\/image\\\/\"}}]}<\/script>\n<!-- \/ Yoast SEO plugin. -->","yoast_head_json":{"title":"Photo gallery -","robots":{"index":"index","follow":"follow","max-snippet":"max-snippet:-1","max-image-preview":"max-image-preview:large","max-video-preview":"max-video-preview:-1"},"canonical":"https:\/\/paarpsgard.se\/en\/photos\/","og_locale":"en_US","og_type":"article","og_title":"Photo gallery -","og_description":"Activities Experience our fun and relaxing activities:","og_url":"https:\/\/paarpsgard.se\/en\/photos\/","og_site_name":"P\u00e5aarps G\u00e5rd","article_modified_time":"2024-10-25T12:42:30+00:00","twitter_card":"summary_large_image","schema":{"@context":"https:\/\/schema.org","@graph":[{"@type":"WebPage","@id":"https:\/\/paarpsgard.se\/en\/photos\/","url":"https:\/\/paarpsgard.se\/en\/photos\/","name":"Photo gallery -","isPartOf":{"@id":"https:\/\/paarpsgard.se\/#website"},"datePublished":"2024-10-21T07:51:37+00:00","dateModified":"2024-10-25T12:42:30+00:00","breadcrumb":{"@id":"https:\/\/paarpsgard.se\/en\/photos\/#breadcrumb"},"inLanguage":"en-US","potentialAction":[{"@type":"ReadAction","target":["https:\/\/paarpsgard.se\/en\/photos\/"]}]},{"@type":"BreadcrumbList","@id":"https:\/\/paarpsgard.se\/en\/photos\/#breadcrumb","itemListElement":[{"@type":"ListItem","position":1,"name":"Home","item":"https:\/\/paarpsgard.se\/"},{"@type":"ListItem","position":2,"name":"Photo gallery"}]},{"@type":"WebSite","@id":"https:\/\/paarpsgard.se\/#website","url":"https:\/\/paarpsgard.se\/","name":"P\u00e5aarps G\u00e5rd","description":"P\u00e5aarps G\u00e5rd","publisher":{"@id":"https:\/\/paarpsgard.se\/#organization"},"potentialAction":[{"@type":"SearchAction","target":{"@type":"EntryPoint","urlTemplate":"https:\/\/paarpsgard.se\/?s={search_term_string}"},"query-input":{"@type":"PropertyValueSpecification","valueRequired":true,"valueName":"search_term_string"}}],"inLanguage":"en-US"},{"@type":"Organization","@id":"https:\/\/paarpsgard.se\/#organization","name":"P\u00e5aarps G\u00e5rd","url":"https:\/\/paarpsgard.se\/","logo":{"@type":"ImageObject","inLanguage":"en-US","@id":"https:\/\/paarpsgard.se\/#\/schema\/logo\/image\/","url":"https:\/\/paarpsgard.se\/wp-content\/uploads\/2024\/03\/logo.png","contentUrl":"https:\/\/paarpsgard.se\/wp-content\/uploads\/2024\/03\/logo.png","width":280,"height":110,"caption":"P\u00e5aarps G\u00e5rd"},"image":{"@id":"https:\/\/paarpsgard.se\/#\/schema\/logo\/image\/"}}]}},"_links":{"self":[{"href":"https:\/\/paarpsgard.se\/en\/wp-json\/wp\/v2\/pages\/1635","targetHints":{"allow":["GET"]}}],"collection":[{"href":"https:\/\/paarpsgard.se\/en\/wp-json\/wp\/v2\/pages"}],"about":[{"href":"https:\/\/paarpsgard.se\/en\/wp-json\/wp\/v2\/types\/page"}],"author":[{"embeddable":true,"href":"https:\/\/paarpsgard.se\/en\/wp-json\/wp\/v2\/users\/1"}],"replies":[{"embeddable":true,"href":"https:\/\/paarpsgard.se\/en\/wp-json\/wp\/v2\/comments?post=1635"}],"version-history":[{"count":6,"href":"https:\/\/paarpsgard.se\/en\/wp-json\/wp\/v2\/pages\/1635\/revisions"}],"predecessor-version":[{"id":1680,"href":"https:\/\/paarpsgard.se\/en\/wp-json\/wp\/v2\/pages\/1635\/revisions\/1680"}],"wp:attachment":[{"href":"https:\/\/paarpsgard.se\/en\/wp-json\/wp\/v2\/media?parent=1635"}],"curies":[{"name":"wp","href":"https:\/\/api.w.org\/{rel}","templated":true}]}}