{"id":1598,"date":"2024-10-01T14:28:58","date_gmt":"2024-10-01T14:28:58","guid":{"rendered":"https:\/\/paarpsgard.se\/fishing\/"},"modified":"2024-10-18T09:57:58","modified_gmt":"2024-10-18T09:57:58","slug":"fishing","status":"publish","type":"page","link":"https:\/\/paarpsgard.se\/en\/fishing\/","title":{"rendered":"Fishing"},"content":{"rendered":"\t\t<div data-elementor-type=\"wp-page\" data-elementor-id=\"1598\" class=\"elementor elementor-1598 elementor-1418\" data-elementor-post-type=\"page\">\n\t\t\t\t<div class=\"elementor-element elementor-element-e0612ed e-con-full e-flex e-con e-parent\" data-id=\"e0612ed\" data-element_type=\"container\" data-e-type=\"container\">\n\t\t\t\t<div class=\"elementor-element elementor-element-dbd395f elementor-widget elementor-widget-heading\" data-id=\"dbd395f\" data-element_type=\"widget\" data-e-type=\"widget\" data-widget_type=\"heading.default\">\n\t\t\t\t<div class=\"elementor-widget-container\">\n\t\t\t\t\t<h1 class=\"elementor-heading-title elementor-size-default\">Fishing<\/h1>\t\t\t\t<\/div>\n\t\t\t\t<\/div>\n\t\t\t\t<div class=\"elementor-element elementor-element-8323beb elementor-widget-divider--view-line elementor-widget elementor-widget-divider\" data-id=\"8323beb\" data-element_type=\"widget\" data-e-type=\"widget\" data-widget_type=\"divider.default\">\n\t\t\t\t<div class=\"elementor-widget-container\">\n\t\t\t\t\t\t\t<div class=\"elementor-divider\">\n\t\t\t<span class=\"elementor-divider-separator\">\n\t\t\t\t\t\t<\/span>\n\t\t<\/div>\n\t\t\t\t\t\t<\/div>\n\t\t\t\t<\/div>\n\t\t\t\t<\/div>\n\t\t<div class=\"elementor-element elementor-element-4324dd7 e-con-full e-flex e-con e-parent\" data-id=\"4324dd7\" data-element_type=\"container\" data-e-type=\"container\">\n\t\t<div class=\"elementor-element elementor-element-c365985 e-con-full e-flex e-con e-child\" data-id=\"c365985\" data-element_type=\"container\" data-e-type=\"container\">\n\t\t\t\t<div class=\"elementor-element elementor-element-dd4488b elementor-widget elementor-widget-text-editor\" data-id=\"dd4488b\" data-element_type=\"widget\" data-e-type=\"widget\" data-widget_type=\"text-editor.default\">\n\t\t\t\t<div class=\"elementor-widget-container\">\n\t\t\t\t\t\t\t\t\t<h2>Rainbow fishing in G\u00e5rdsj\u00f6n<\/h2>\n<p>Fishing for rainbow trout in our lake.<\/p>\n<p>250\/per\/day see fishing info<\/p>\n<p><strong>Rental of your own rainbow fishing lake.<\/strong><\/p>\n<p>Price on request<\/p>\n<p><strong>Other lakes:<\/strong><\/p>\n<p>Price on request<\/p>\n\t\t\t\t\t\t\t\t<\/div>\n\t\t\t\t<\/div>\n\t\t\t\t<div class=\"elementor-element elementor-element-d798aca elementor-widget elementor-widget-text-editor\" data-id=\"d798aca\" data-element_type=\"widget\" data-e-type=\"widget\" data-widget_type=\"text-editor.default\">\n\t\t\t\t<div class=\"elementor-widget-container\">\n\t\t\t\t\t\t\t\t\t<h2> <strong style=\"text-align: var(--text-align); color: var( --e-global-color-text ); font-family: 'Open Sans', sans-serif; font-size: 1rem;\">Fishing license &amp; rules<\/strong><\/h2>\n<p>  &#8211; Fishing licenses are purchased via swish (1236579387).<\/p>\n<p>&#8211; 250\/day, 06.00-23.00, in season.<\/p>\n<p>  &#8211; The card is personal and valid per day.<\/p>\n<p>&#8211; Maximum three salmonids per card.<\/p>\n<p>  &#8211; Other catches count as a bonus.<\/p>\n<p>  &#8211; If fishing continues after the maximum catch, a new card is required.<\/p>\n<p>&#8211; Children up to 12 years of age may catch fish with their own rod in the company of their guardian, but on the guardian&#8217;s fishing license, i.e. the three fish the guardian&#8217;s fishing license is valid for.<\/p>\n\t\t\t\t\t\t\t\t<\/div>\n\t\t\t\t<\/div>\n\t\t\t\t<div class=\"elementor-element elementor-element-4a45b2e elementor-widget elementor-widget-text-editor\" data-id=\"4a45b2e\" data-element_type=\"widget\" data-e-type=\"widget\" data-widget_type=\"text-editor.default\">\n\t\t\t\t<div class=\"elementor-widget-container\">\n\t\t\t\t\t\t\t\t\t<\/p>\n<p><strong>Fishing method<\/strong><\/p>\n<p>&#8211; Only one rod per fisherman at a time.<\/p>\n<p>&#8211; Fishing license must be shown if necessary.<\/p>\n\t\t\t\t\t\t\t\t<\/div>\n\t\t\t\t<\/div>\n\t\t\t\t<\/div>\n\t\t<div class=\"elementor-element elementor-element-c89d43a e-con-full e-flex e-con e-child\" data-id=\"c89d43a\" data-element_type=\"container\" data-e-type=\"container\">\n\t\t\t\t<div class=\"elementor-element elementor-element-0ec50a3 elementor-widget elementor-widget-image\" data-id=\"0ec50a3\" data-element_type=\"widget\" data-e-type=\"widget\" data-widget_type=\"image.default\">\n\t\t\t\t<div class=\"elementor-widget-container\">\n\t\t\t\t\t\t\t\t\t\t\t\t\t\t\t<img fetchpriority=\"high\" decoding=\"async\" width=\"768\" height=\"1024\" src=\"https:\/\/paarpsgard.se\/wp-content\/uploads\/2024\/10\/fiske-768x1024.jpg\" class=\"attachment-large size-large wp-image-1453\" alt=\"\" srcset=\"https:\/\/paarpsgard.se\/wp-content\/uploads\/2024\/10\/fiske-768x1024.jpg 768w, https:\/\/paarpsgard.se\/wp-content\/uploads\/2024\/10\/fiske-225x300.jpg 225w, https:\/\/paarpsgard.se\/wp-content\/uploads\/2024\/10\/fiske-1152x1536.jpg 1152w, https:\/\/paarpsgard.se\/wp-content\/uploads\/2024\/10\/fiske-1536x2048.jpg 1536w, https:\/\/paarpsgard.se\/wp-content\/uploads\/2024\/10\/fiske-scaled.jpg 1920w\" sizes=\"(max-width: 768px) 100vw, 768px\" \/>\t\t\t\t\t\t\t\t\t\t\t\t\t\t\t<\/div>\n\t\t\t\t<\/div>\n\t\t\t\t<div class=\"elementor-element elementor-element-7f34133 elementor-widget elementor-widget-image\" data-id=\"7f34133\" data-element_type=\"widget\" data-e-type=\"widget\" data-widget_type=\"image.default\">\n\t\t\t\t<div class=\"elementor-widget-container\">\n\t\t\t\t\t\t\t\t\t\t\t\t\t\t\t<img decoding=\"async\" width=\"800\" height=\"600\" src=\"https:\/\/paarpsgard.se\/wp-content\/uploads\/2024\/10\/Fiske-1-1024x768.jpg\" class=\"attachment-large size-large wp-image-1462\" alt=\"\" srcset=\"https:\/\/paarpsgard.se\/wp-content\/uploads\/2024\/10\/Fiske-1-1024x768.jpg 1024w, https:\/\/paarpsgard.se\/wp-content\/uploads\/2024\/10\/Fiske-1-300x225.jpg 300w, https:\/\/paarpsgard.se\/wp-content\/uploads\/2024\/10\/Fiske-1-768x576.jpg 768w, https:\/\/paarpsgard.se\/wp-content\/uploads\/2024\/10\/Fiske-1-1536x1152.jpg 1536w, https:\/\/paarpsgard.se\/wp-content\/uploads\/2024\/10\/Fiske-1-2048x1536.jpg 2048w\" sizes=\"(max-width: 800px) 100vw, 800px\" \/>\t\t\t\t\t\t\t\t\t\t\t\t\t\t\t<\/div>\n\t\t\t\t<\/div>\n\t\t\t\t<\/div>\n\t\t\t\t<\/div>\n\t\t<div class=\"elementor-element elementor-element-f7ad1cb e-con-full e-flex e-con e-parent\" data-id=\"f7ad1cb\" data-element_type=\"container\" data-e-type=\"container\">\n\t\t<div class=\"elementor-element elementor-element-1085beb e-con-full e-flex e-con e-child\" data-id=\"1085beb\" data-element_type=\"container\" data-e-type=\"container\">\n\t\t\t\t<div class=\"elementor-element elementor-element-0645b1c elementor-widget-divider--view-line_icon elementor-view-default elementor-widget-divider--element-align-center elementor-widget elementor-widget-divider\" data-id=\"0645b1c\" data-element_type=\"widget\" data-e-type=\"widget\" data-widget_type=\"divider.default\">\n\t\t\t\t<div class=\"elementor-widget-container\">\n\t\t\t\t\t\t\t<div class=\"elementor-divider\">\n\t\t\t<span class=\"elementor-divider-separator\">\n\t\t\t\t\t\t\t<div class=\"elementor-icon elementor-divider__element\">\n\t\t\t\t\t<svg aria-hidden=\"true\" class=\"e-font-icon-svg e-fas-leaf\" viewBox=\"0 0 576 512\" xmlns=\"http:\/\/www.w3.org\/2000\/svg\"><path d=\"M546.2 9.7c-5.6-12.5-21.6-13-28.3-1.2C486.9 62.4 431.4 96 368 96h-80C182 96 96 182 96 288c0 7 .8 13.7 1.5 20.5C161.3 262.8 253.4 224 384 224c8.8 0 16 7.2 16 16s-7.2 16-16 16C132.6 256 26 410.1 2.4 468c-6.6 16.3 1.2 34.9 17.5 41.6 16.4 6.8 35-1.1 41.8-17.3 1.5-3.6 20.9-47.9 71.9-90.6 32.4 43.9 94 85.8 174.9 77.2C465.5 467.5 576 326.7 576 154.3c0-50.2-10.8-102.2-29.8-144.6z\"><\/path><\/svg><\/div>\n\t\t\t\t\t\t<\/span>\n\t\t<\/div>\n\t\t\t\t\t\t<\/div>\n\t\t\t\t<\/div>\n\t\t\t\t<\/div>\n\t\t\t\t<\/div>\n\t\t\t\t<\/div>\n\t\t","protected":false},"excerpt":{"rendered":"<p>Fishing Rainbow fishing in G\u00e5rdsj\u00f6n Fishing for rainbow trout in our lake. 250\/per\/day see fishing info Rental of your own rainbow fishing lake. Price on request Other lakes: Price on request Fishing license &amp; rules &#8211; Fishing licenses are purchased via swish (1236579387). &#8211; 250\/day, 06.00-23.00, in season. &#8211; The card is personal and valid [&hellip;]<\/p>\n","protected":false},"author":1,"featured_media":0,"parent":0,"menu_order":0,"comment_status":"closed","ping_status":"closed","template":"","meta":{"footnotes":""},"class_list":["post-1598","page","type-page","status-publish","hentry"],"yoast_head":"<!-- This site is optimized with the Yoast SEO plugin v27.4 - https:\/\/yoast.com\/product\/yoast-seo-wordpress\/ -->\n<title>Fishing -<\/title>\n<meta name=\"robots\" content=\"index, follow, max-snippet:-1, max-image-preview:large, max-video-preview:-1\" \/>\n<link rel=\"canonical\" href=\"https:\/\/paarpsgard.se\/en\/fishing\/\" \/>\n<meta property=\"og:locale\" content=\"en_US\" \/>\n<meta property=\"og:type\" content=\"article\" \/>\n<meta property=\"og:title\" content=\"Fishing -\" \/>\n<meta property=\"og:description\" content=\"Fishing Rainbow fishing in G\u00e5rdsj\u00f6n Fishing for rainbow trout in our lake. 250\/per\/day see fishing info Rental of your own rainbow fishing lake. Price on request Other lakes: Price on request Fishing license &amp; rules &#8211; Fishing licenses are purchased via swish (1236579387). &#8211; 250\/day, 06.00-23.00, in season. &#8211; The card is personal and valid [&hellip;]\" \/>\n<meta property=\"og:url\" content=\"https:\/\/paarpsgard.se\/en\/fishing\/\" \/>\n<meta property=\"og:site_name\" content=\"P\u00e5aarps G\u00e5rd\" \/>\n<meta property=\"article:modified_time\" content=\"2024-10-18T09:57:58+00:00\" \/>\n<meta property=\"og:image\" content=\"https:\/\/paarpsgard.se\/wp-content\/uploads\/2024\/10\/fiske-768x1024.jpg\" \/>\n<meta name=\"twitter:card\" content=\"summary_large_image\" \/>\n<meta name=\"twitter:label1\" content=\"Est. reading time\" \/>\n\t<meta name=\"twitter:data1\" content=\"1 minute\" \/>\n<script type=\"application\/ld+json\" class=\"yoast-schema-graph\">{\"@context\":\"https:\\\/\\\/schema.org\",\"@graph\":[{\"@type\":\"WebPage\",\"@id\":\"https:\\\/\\\/paarpsgard.se\\\/en\\\/fishing\\\/\",\"url\":\"https:\\\/\\\/paarpsgard.se\\\/en\\\/fishing\\\/\",\"name\":\"Fishing -\",\"isPartOf\":{\"@id\":\"https:\\\/\\\/paarpsgard.se\\\/#website\"},\"primaryImageOfPage\":{\"@id\":\"https:\\\/\\\/paarpsgard.se\\\/en\\\/fishing\\\/#primaryimage\"},\"image\":{\"@id\":\"https:\\\/\\\/paarpsgard.se\\\/en\\\/fishing\\\/#primaryimage\"},\"thumbnailUrl\":\"https:\\\/\\\/paarpsgard.se\\\/wp-content\\\/uploads\\\/2024\\\/10\\\/fiske-768x1024.jpg\",\"datePublished\":\"2024-10-01T14:28:58+00:00\",\"dateModified\":\"2024-10-18T09:57:58+00:00\",\"breadcrumb\":{\"@id\":\"https:\\\/\\\/paarpsgard.se\\\/en\\\/fishing\\\/#breadcrumb\"},\"inLanguage\":\"en-US\",\"potentialAction\":[{\"@type\":\"ReadAction\",\"target\":[\"https:\\\/\\\/paarpsgard.se\\\/en\\\/fishing\\\/\"]}]},{\"@type\":\"ImageObject\",\"inLanguage\":\"en-US\",\"@id\":\"https:\\\/\\\/paarpsgard.se\\\/en\\\/fishing\\\/#primaryimage\",\"url\":\"https:\\\/\\\/paarpsgard.se\\\/wp-content\\\/uploads\\\/2024\\\/10\\\/fiske-768x1024.jpg\",\"contentUrl\":\"https:\\\/\\\/paarpsgard.se\\\/wp-content\\\/uploads\\\/2024\\\/10\\\/fiske-768x1024.jpg\"},{\"@type\":\"BreadcrumbList\",\"@id\":\"https:\\\/\\\/paarpsgard.se\\\/en\\\/fishing\\\/#breadcrumb\",\"itemListElement\":[{\"@type\":\"ListItem\",\"position\":1,\"name\":\"Home\",\"item\":\"https:\\\/\\\/paarpsgard.se\\\/\"},{\"@type\":\"ListItem\",\"position\":2,\"name\":\"Fishing\"}]},{\"@type\":\"WebSite\",\"@id\":\"https:\\\/\\\/paarpsgard.se\\\/#website\",\"url\":\"https:\\\/\\\/paarpsgard.se\\\/\",\"name\":\"P\u00e5aarps G\u00e5rd\",\"description\":\"P\u00e5aarps G\u00e5rd\",\"publisher\":{\"@id\":\"https:\\\/\\\/paarpsgard.se\\\/#organization\"},\"potentialAction\":[{\"@type\":\"SearchAction\",\"target\":{\"@type\":\"EntryPoint\",\"urlTemplate\":\"https:\\\/\\\/paarpsgard.se\\\/?s={search_term_string}\"},\"query-input\":{\"@type\":\"PropertyValueSpecification\",\"valueRequired\":true,\"valueName\":\"search_term_string\"}}],\"inLanguage\":\"en-US\"},{\"@type\":\"Organization\",\"@id\":\"https:\\\/\\\/paarpsgard.se\\\/#organization\",\"name\":\"P\u00e5aarps G\u00e5rd\",\"url\":\"https:\\\/\\\/paarpsgard.se\\\/\",\"logo\":{\"@type\":\"ImageObject\",\"inLanguage\":\"en-US\",\"@id\":\"https:\\\/\\\/paarpsgard.se\\\/#\\\/schema\\\/logo\\\/image\\\/\",\"url\":\"https:\\\/\\\/paarpsgard.se\\\/wp-content\\\/uploads\\\/2024\\\/03\\\/logo.png\",\"contentUrl\":\"https:\\\/\\\/paarpsgard.se\\\/wp-content\\\/uploads\\\/2024\\\/03\\\/logo.png\",\"width\":280,\"height\":110,\"caption\":\"P\u00e5aarps G\u00e5rd\"},\"image\":{\"@id\":\"https:\\\/\\\/paarpsgard.se\\\/#\\\/schema\\\/logo\\\/image\\\/\"}}]}<\/script>\n<!-- \/ Yoast SEO plugin. -->","yoast_head_json":{"title":"Fishing -","robots":{"index":"index","follow":"follow","max-snippet":"max-snippet:-1","max-image-preview":"max-image-preview:large","max-video-preview":"max-video-preview:-1"},"canonical":"https:\/\/paarpsgard.se\/en\/fishing\/","og_locale":"en_US","og_type":"article","og_title":"Fishing -","og_description":"Fishing Rainbow fishing in G\u00e5rdsj\u00f6n Fishing for rainbow trout in our lake. 250\/per\/day see fishing info Rental of your own rainbow fishing lake. Price on request Other lakes: Price on request Fishing license &amp; rules &#8211; Fishing licenses are purchased via swish (1236579387). &#8211; 250\/day, 06.00-23.00, in season. &#8211; The card is personal and valid [&hellip;]","og_url":"https:\/\/paarpsgard.se\/en\/fishing\/","og_site_name":"P\u00e5aarps G\u00e5rd","article_modified_time":"2024-10-18T09:57:58+00:00","og_image":[{"url":"https:\/\/paarpsgard.se\/wp-content\/uploads\/2024\/10\/fiske-768x1024.jpg","type":"","width":"","height":""}],"twitter_card":"summary_large_image","twitter_misc":{"Est. reading time":"1 minute"},"schema":{"@context":"https:\/\/schema.org","@graph":[{"@type":"WebPage","@id":"https:\/\/paarpsgard.se\/en\/fishing\/","url":"https:\/\/paarpsgard.se\/en\/fishing\/","name":"Fishing -","isPartOf":{"@id":"https:\/\/paarpsgard.se\/#website"},"primaryImageOfPage":{"@id":"https:\/\/paarpsgard.se\/en\/fishing\/#primaryimage"},"image":{"@id":"https:\/\/paarpsgard.se\/en\/fishing\/#primaryimage"},"thumbnailUrl":"https:\/\/paarpsgard.se\/wp-content\/uploads\/2024\/10\/fiske-768x1024.jpg","datePublished":"2024-10-01T14:28:58+00:00","dateModified":"2024-10-18T09:57:58+00:00","breadcrumb":{"@id":"https:\/\/paarpsgard.se\/en\/fishing\/#breadcrumb"},"inLanguage":"en-US","potentialAction":[{"@type":"ReadAction","target":["https:\/\/paarpsgard.se\/en\/fishing\/"]}]},{"@type":"ImageObject","inLanguage":"en-US","@id":"https:\/\/paarpsgard.se\/en\/fishing\/#primaryimage","url":"https:\/\/paarpsgard.se\/wp-content\/uploads\/2024\/10\/fiske-768x1024.jpg","contentUrl":"https:\/\/paarpsgard.se\/wp-content\/uploads\/2024\/10\/fiske-768x1024.jpg"},{"@type":"BreadcrumbList","@id":"https:\/\/paarpsgard.se\/en\/fishing\/#breadcrumb","itemListElement":[{"@type":"ListItem","position":1,"name":"Home","item":"https:\/\/paarpsgard.se\/"},{"@type":"ListItem","position":2,"name":"Fishing"}]},{"@type":"WebSite","@id":"https:\/\/paarpsgard.se\/#website","url":"https:\/\/paarpsgard.se\/","name":"P\u00e5aarps G\u00e5rd","description":"P\u00e5aarps G\u00e5rd","publisher":{"@id":"https:\/\/paarpsgard.se\/#organization"},"potentialAction":[{"@type":"SearchAction","target":{"@type":"EntryPoint","urlTemplate":"https:\/\/paarpsgard.se\/?s={search_term_string}"},"query-input":{"@type":"PropertyValueSpecification","valueRequired":true,"valueName":"search_term_string"}}],"inLanguage":"en-US"},{"@type":"Organization","@id":"https:\/\/paarpsgard.se\/#organization","name":"P\u00e5aarps G\u00e5rd","url":"https:\/\/paarpsgard.se\/","logo":{"@type":"ImageObject","inLanguage":"en-US","@id":"https:\/\/paarpsgard.se\/#\/schema\/logo\/image\/","url":"https:\/\/paarpsgard.se\/wp-content\/uploads\/2024\/03\/logo.png","contentUrl":"https:\/\/paarpsgard.se\/wp-content\/uploads\/2024\/03\/logo.png","width":280,"height":110,"caption":"P\u00e5aarps G\u00e5rd"},"image":{"@id":"https:\/\/paarpsgard.se\/#\/schema\/logo\/image\/"}}]}},"_links":{"self":[{"href":"https:\/\/paarpsgard.se\/en\/wp-json\/wp\/v2\/pages\/1598","targetHints":{"allow":["GET"]}}],"collection":[{"href":"https:\/\/paarpsgard.se\/en\/wp-json\/wp\/v2\/pages"}],"about":[{"href":"https:\/\/paarpsgard.se\/en\/wp-json\/wp\/v2\/types\/page"}],"author":[{"embeddable":true,"href":"https:\/\/paarpsgard.se\/en\/wp-json\/wp\/v2\/users\/1"}],"replies":[{"embeddable":true,"href":"https:\/\/paarpsgard.se\/en\/wp-json\/wp\/v2\/comments?post=1598"}],"version-history":[{"count":2,"href":"https:\/\/paarpsgard.se\/en\/wp-json\/wp\/v2\/pages\/1598\/revisions"}],"predecessor-version":[{"id":1607,"href":"https:\/\/paarpsgard.se\/en\/wp-json\/wp\/v2\/pages\/1598\/revisions\/1607"}],"wp:attachment":[{"href":"https:\/\/paarpsgard.se\/en\/wp-json\/wp\/v2\/media?parent=1598"}],"curies":[{"name":"wp","href":"https:\/\/api.w.org\/{rel}","templated":true}]}}