{"id":1570,"date":"2024-10-14T14:25:27","date_gmt":"2024-10-14T14:25:27","guid":{"rendered":"https:\/\/paarpsgard.se\/cottages\/"},"modified":"2024-10-18T09:57:46","modified_gmt":"2024-10-18T09:57:46","slug":"cottages","status":"publish","type":"page","link":"https:\/\/paarpsgard.se\/en\/cottages\/","title":{"rendered":"cottages"},"content":{"rendered":"\t\t<div data-elementor-type=\"wp-page\" data-elementor-id=\"1570\" class=\"elementor elementor-1570 elementor-1506\" data-elementor-post-type=\"page\">\n\t\t\t\t<div class=\"elementor-element elementor-element-e0612ed e-con-full e-flex e-con e-parent\" data-id=\"e0612ed\" data-element_type=\"container\" data-e-type=\"container\">\n\t\t\t\t<div class=\"elementor-element elementor-element-dbd395f elementor-widget elementor-widget-heading\" data-id=\"dbd395f\" data-element_type=\"widget\" data-e-type=\"widget\" data-widget_type=\"heading.default\">\n\t\t\t\t<div class=\"elementor-widget-container\">\n\t\t\t\t\t<h1 class=\"elementor-heading-title elementor-size-default\">Cottages<\/h1>\t\t\t\t<\/div>\n\t\t\t\t<\/div>\n\t\t\t\t<div class=\"elementor-element elementor-element-6342384 elementor-widget elementor-widget-text-editor\" data-id=\"6342384\" data-element_type=\"widget\" data-e-type=\"widget\" data-widget_type=\"text-editor.default\">\n\t\t\t\t<div class=\"elementor-widget-container\">\n\t\t\t\t\t\t\t\t\t<p>We offer two cozy cottages:<\/p>\n\t\t\t\t\t\t\t\t<\/div>\n\t\t\t\t<\/div>\n\t\t\t\t<div class=\"elementor-element elementor-element-8323beb elementor-widget-divider--view-line elementor-widget elementor-widget-divider\" data-id=\"8323beb\" data-element_type=\"widget\" data-e-type=\"widget\" data-widget_type=\"divider.default\">\n\t\t\t\t<div class=\"elementor-widget-container\">\n\t\t\t\t\t\t\t<div class=\"elementor-divider\">\n\t\t\t<span class=\"elementor-divider-separator\">\n\t\t\t\t\t\t<\/span>\n\t\t<\/div>\n\t\t\t\t\t\t<\/div>\n\t\t\t\t<\/div>\n\t\t\t\t<\/div>\n\t\t<div class=\"elementor-element elementor-element-9eb456e e-con-full e-flex e-con e-parent\" data-id=\"9eb456e\" data-element_type=\"container\" data-e-type=\"container\" data-settings=\"{&quot;background_background&quot;:&quot;classic&quot;}\">\n\t\t<div class=\"elementor-element elementor-element-9150ae8 e-con-full e-flex e-con e-child\" data-id=\"9150ae8\" data-element_type=\"container\" data-e-type=\"container\" data-settings=\"{&quot;background_background&quot;:&quot;classic&quot;}\">\n\t\t\t\t<div class=\"elementor-element elementor-element-5acafaa elementor-widget elementor-widget-text-editor\" data-id=\"5acafaa\" data-element_type=\"widget\" data-e-type=\"widget\" data-widget_type=\"text-editor.default\">\n\t\t\t\t<div class=\"elementor-widget-container\">\n\t\t\t\t\t\t\t\t\t<p><strong>Backabo (6 pers)<\/strong><\/p>\n<p>A comfortable cottage with room for the whole family.<br \/>First night: SEK 1,200<br \/>Rest of the days: SEK 600 per day<\/p>\n<p><em style=\"text-align: var(--text-align); color: var( --e-global-color-text ); font-size: 1rem;\">Both cottages are rented out through a cottage agency so limited<\/em><\/p>\n\t\t\t\t\t\t\t\t<\/div>\n\t\t\t\t<\/div>\n\t\t\t\t<div class=\"elementor-element elementor-element-4d596d0 elementor-widget elementor-widget-button\" data-id=\"4d596d0\" data-element_type=\"widget\" data-e-type=\"widget\" data-widget_type=\"button.default\">\n\t\t\t\t<div class=\"elementor-widget-container\">\n\t\t\t\t\t\t\t\t\t<div class=\"elementor-button-wrapper\">\n\t\t\t\t\t<a class=\"elementor-button elementor-button-link elementor-size-sm\" href=\"https:\/\/www.stugsommar.se\/hyra-stuga\/smaaland\/gislaved\/haacksvik\/95013\/\">\n\t\t\t\t\t\t<span class=\"elementor-button-content-wrapper\">\n\t\t\t\t\t\t\t\t\t<span class=\"elementor-button-text\">Book Backabo<\/span>\n\t\t\t\t\t<\/span>\n\t\t\t\t\t<\/a>\n\t\t\t\t<\/div>\n\t\t\t\t\t\t\t\t<\/div>\n\t\t\t\t<\/div>\n\t\t\t\t<\/div>\n\t\t<div class=\"elementor-element elementor-element-a644776 e-con-full e-flex e-con e-child\" data-id=\"a644776\" data-element_type=\"container\" data-e-type=\"container\">\n\t\t\t\t<div class=\"elementor-element elementor-element-afd8a48 elementor-widget elementor-widget-image\" data-id=\"afd8a48\" data-element_type=\"widget\" data-e-type=\"widget\" data-widget_type=\"image.default\">\n\t\t\t\t<div class=\"elementor-widget-container\">\n\t\t\t\t\t\t\t\t\t\t\t\t\t\t\t<img fetchpriority=\"high\" decoding=\"async\" width=\"682\" height=\"452\" src=\"https:\/\/paarpsgard.se\/wp-content\/uploads\/2024\/10\/stugavit2.png\" class=\"attachment-large size-large wp-image-1435\" alt=\"\" srcset=\"https:\/\/paarpsgard.se\/wp-content\/uploads\/2024\/10\/stugavit2.png 682w, https:\/\/paarpsgard.se\/wp-content\/uploads\/2024\/10\/stugavit2-300x199.png 300w\" sizes=\"(max-width: 682px) 100vw, 682px\" \/>\t\t\t\t\t\t\t\t\t\t\t\t\t\t\t<\/div>\n\t\t\t\t<\/div>\n\t\t\t\t<\/div>\n\t\t\t\t<\/div>\n\t\t<div class=\"elementor-element elementor-element-da9e895 e-con-full e-flex e-con e-parent\" data-id=\"da9e895\" data-element_type=\"container\" data-e-type=\"container\" data-settings=\"{&quot;background_background&quot;:&quot;classic&quot;}\">\n\t\t<div class=\"elementor-element elementor-element-7ba034b e-con-full e-flex e-con e-child\" data-id=\"7ba034b\" data-element_type=\"container\" data-e-type=\"container\" data-settings=\"{&quot;background_background&quot;:&quot;classic&quot;}\">\n\t\t\t\t<div class=\"elementor-element elementor-element-8168618 elementor-widget elementor-widget-text-editor\" data-id=\"8168618\" data-element_type=\"widget\" data-e-type=\"widget\" data-widget_type=\"text-editor.default\">\n\t\t\t\t<div class=\"elementor-widget-container\">\n\t\t\t\t\t\t\t\t\t<h2><strong style=\"text-align: var(--text-align); color: var( --e-global-color-text ); font-family: 'Open Sans', sans-serif; font-size: 1rem;\">The lake cabin<\/strong><span style=\"text-align: var(--text-align); color: var( --e-global-color-text ); font-family: 'Open Sans', sans-serif; font-size: 1rem; font-weight: 400;\"> (4 persons)<\/span><\/h2>\n<p>An idyllic cottage overlooking the lake.<br \/> First night: SEK 1,200<br \/>Rest of the days: SEK 600 per day<\/p>\n<p><em>Both cottages are rented out through a cottage agency so limited<\/em><\/p><\/p>\n\t\t\t\t\t\t\t\t<\/div>\n\t\t\t\t<\/div>\n\t\t\t\t<div class=\"elementor-element elementor-element-7ab55bb elementor-widget elementor-widget-button\" data-id=\"7ab55bb\" data-element_type=\"widget\" data-e-type=\"widget\" data-widget_type=\"button.default\">\n\t\t\t\t<div class=\"elementor-widget-container\">\n\t\t\t\t\t\t\t\t\t<div class=\"elementor-button-wrapper\">\n\t\t\t\t\t<a class=\"elementor-button elementor-button-link elementor-size-sm\" href=\"https:\/\/www.stugsommar.se\/hyra-stuga\/vastergotland\/svenljunga\/haacksvik\/38670\/\">\n\t\t\t\t\t\t<span class=\"elementor-button-content-wrapper\">\n\t\t\t\t\t\t\t\t\t<span class=\"elementor-button-text\">Book Sj\u00f6stugan<\/span>\n\t\t\t\t\t<\/span>\n\t\t\t\t\t<\/a>\n\t\t\t\t<\/div>\n\t\t\t\t\t\t\t\t<\/div>\n\t\t\t\t<\/div>\n\t\t\t\t<\/div>\n\t\t<div class=\"elementor-element elementor-element-58d1334 e-con-full e-flex e-con e-child\" data-id=\"58d1334\" data-element_type=\"container\" data-e-type=\"container\">\n\t\t\t\t<div class=\"elementor-element elementor-element-61b5208 elementor-widget elementor-widget-image\" data-id=\"61b5208\" data-element_type=\"widget\" data-e-type=\"widget\" data-widget_type=\"image.default\">\n\t\t\t\t<div class=\"elementor-widget-container\">\n\t\t\t\t\t\t\t\t\t\t\t\t\t\t\t<img decoding=\"async\" width=\"688\" height=\"457\" src=\"https:\/\/paarpsgard.se\/wp-content\/uploads\/2024\/10\/stugavit.png\" class=\"attachment-large size-large wp-image-1434\" alt=\"\" srcset=\"https:\/\/paarpsgard.se\/wp-content\/uploads\/2024\/10\/stugavit.png 688w, https:\/\/paarpsgard.se\/wp-content\/uploads\/2024\/10\/stugavit-300x199.png 300w\" sizes=\"(max-width: 688px) 100vw, 688px\" \/>\t\t\t\t\t\t\t\t\t\t\t\t\t\t\t<\/div>\n\t\t\t\t<\/div>\n\t\t\t\t<\/div>\n\t\t\t\t<\/div>\n\t\t<div class=\"elementor-element elementor-element-20f3186 e-con-full e-flex e-con e-parent\" data-id=\"20f3186\" data-element_type=\"container\" data-e-type=\"container\">\n\t\t<div class=\"elementor-element elementor-element-b21f8bd e-con-full e-flex e-con e-child\" data-id=\"b21f8bd\" data-element_type=\"container\" data-e-type=\"container\">\n\t\t\t\t<div class=\"elementor-element elementor-element-6e2723f elementor-widget-divider--view-line_icon elementor-view-default elementor-widget-divider--element-align-center elementor-widget elementor-widget-divider\" data-id=\"6e2723f\" data-element_type=\"widget\" data-e-type=\"widget\" data-widget_type=\"divider.default\">\n\t\t\t\t<div class=\"elementor-widget-container\">\n\t\t\t\t\t\t\t<div class=\"elementor-divider\">\n\t\t\t<span class=\"elementor-divider-separator\">\n\t\t\t\t\t\t\t<div class=\"elementor-icon elementor-divider__element\">\n\t\t\t\t\t<svg aria-hidden=\"true\" class=\"e-font-icon-svg e-fas-leaf\" viewBox=\"0 0 576 512\" xmlns=\"http:\/\/www.w3.org\/2000\/svg\"><path d=\"M546.2 9.7c-5.6-12.5-21.6-13-28.3-1.2C486.9 62.4 431.4 96 368 96h-80C182 96 96 182 96 288c0 7 .8 13.7 1.5 20.5C161.3 262.8 253.4 224 384 224c8.8 0 16 7.2 16 16s-7.2 16-16 16C132.6 256 26 410.1 2.4 468c-6.6 16.3 1.2 34.9 17.5 41.6 16.4 6.8 35-1.1 41.8-17.3 1.5-3.6 20.9-47.9 71.9-90.6 32.4 43.9 94 85.8 174.9 77.2C465.5 467.5 576 326.7 576 154.3c0-50.2-10.8-102.2-29.8-144.6z\"><\/path><\/svg><\/div>\n\t\t\t\t\t\t<\/span>\n\t\t<\/div>\n\t\t\t\t\t\t<\/div>\n\t\t\t\t<\/div>\n\t\t\t\t<\/div>\n\t\t\t\t<\/div>\n\t\t\t\t<\/div>\n\t\t","protected":false},"excerpt":{"rendered":"<p>Cottages We offer two cozy cottages: Backabo (6 pers) A comfortable cottage with room for the whole family.First night: SEK 1,200Rest of the days: SEK 600 per day Both cottages are rented out through a cottage agency so limited Book Backabo The lake cabin (4 persons) An idyllic cottage overlooking the lake. First night: SEK [&hellip;]<\/p>\n","protected":false},"author":1,"featured_media":0,"parent":0,"menu_order":0,"comment_status":"closed","ping_status":"closed","template":"","meta":{"footnotes":""},"class_list":["post-1570","page","type-page","status-publish","hentry"],"yoast_head":"<!-- This site is optimized with the Yoast SEO plugin v27.4 - https:\/\/yoast.com\/product\/yoast-seo-wordpress\/ -->\n<title>cottages -<\/title>\n<meta name=\"robots\" content=\"index, follow, max-snippet:-1, max-image-preview:large, max-video-preview:-1\" \/>\n<link rel=\"canonical\" href=\"https:\/\/paarpsgard.se\/en\/cottages\/\" \/>\n<meta property=\"og:locale\" content=\"en_US\" \/>\n<meta property=\"og:type\" content=\"article\" \/>\n<meta property=\"og:title\" content=\"cottages -\" \/>\n<meta property=\"og:description\" content=\"Cottages We offer two cozy cottages: Backabo (6 pers) A comfortable cottage with room for the whole family.First night: SEK 1,200Rest of the days: SEK 600 per day Both cottages are rented out through a cottage agency so limited Book Backabo The lake cabin (4 persons) An idyllic cottage overlooking the lake. First night: SEK [&hellip;]\" \/>\n<meta property=\"og:url\" content=\"https:\/\/paarpsgard.se\/en\/cottages\/\" \/>\n<meta property=\"og:site_name\" content=\"P\u00e5aarps G\u00e5rd\" \/>\n<meta property=\"article:modified_time\" content=\"2024-10-18T09:57:46+00:00\" \/>\n<meta property=\"og:image\" content=\"https:\/\/paarpsgard.se\/wp-content\/uploads\/2024\/10\/stugavit2.png\" \/>\n<meta name=\"twitter:card\" content=\"summary_large_image\" \/>\n<script type=\"application\/ld+json\" class=\"yoast-schema-graph\">{\"@context\":\"https:\\\/\\\/schema.org\",\"@graph\":[{\"@type\":\"WebPage\",\"@id\":\"https:\\\/\\\/paarpsgard.se\\\/en\\\/cottages\\\/\",\"url\":\"https:\\\/\\\/paarpsgard.se\\\/en\\\/cottages\\\/\",\"name\":\"cottages -\",\"isPartOf\":{\"@id\":\"https:\\\/\\\/paarpsgard.se\\\/#website\"},\"primaryImageOfPage\":{\"@id\":\"https:\\\/\\\/paarpsgard.se\\\/en\\\/cottages\\\/#primaryimage\"},\"image\":{\"@id\":\"https:\\\/\\\/paarpsgard.se\\\/en\\\/cottages\\\/#primaryimage\"},\"thumbnailUrl\":\"https:\\\/\\\/paarpsgard.se\\\/wp-content\\\/uploads\\\/2024\\\/10\\\/stugavit2.png\",\"datePublished\":\"2024-10-14T14:25:27+00:00\",\"dateModified\":\"2024-10-18T09:57:46+00:00\",\"breadcrumb\":{\"@id\":\"https:\\\/\\\/paarpsgard.se\\\/en\\\/cottages\\\/#breadcrumb\"},\"inLanguage\":\"en-US\",\"potentialAction\":[{\"@type\":\"ReadAction\",\"target\":[\"https:\\\/\\\/paarpsgard.se\\\/en\\\/cottages\\\/\"]}]},{\"@type\":\"ImageObject\",\"inLanguage\":\"en-US\",\"@id\":\"https:\\\/\\\/paarpsgard.se\\\/en\\\/cottages\\\/#primaryimage\",\"url\":\"https:\\\/\\\/paarpsgard.se\\\/wp-content\\\/uploads\\\/2024\\\/10\\\/stugavit2.png\",\"contentUrl\":\"https:\\\/\\\/paarpsgard.se\\\/wp-content\\\/uploads\\\/2024\\\/10\\\/stugavit2.png\"},{\"@type\":\"BreadcrumbList\",\"@id\":\"https:\\\/\\\/paarpsgard.se\\\/en\\\/cottages\\\/#breadcrumb\",\"itemListElement\":[{\"@type\":\"ListItem\",\"position\":1,\"name\":\"Home\",\"item\":\"https:\\\/\\\/paarpsgard.se\\\/\"},{\"@type\":\"ListItem\",\"position\":2,\"name\":\"cottages\"}]},{\"@type\":\"WebSite\",\"@id\":\"https:\\\/\\\/paarpsgard.se\\\/#website\",\"url\":\"https:\\\/\\\/paarpsgard.se\\\/\",\"name\":\"P\u00e5aarps G\u00e5rd\",\"description\":\"P\u00e5aarps G\u00e5rd\",\"publisher\":{\"@id\":\"https:\\\/\\\/paarpsgard.se\\\/#organization\"},\"potentialAction\":[{\"@type\":\"SearchAction\",\"target\":{\"@type\":\"EntryPoint\",\"urlTemplate\":\"https:\\\/\\\/paarpsgard.se\\\/?s={search_term_string}\"},\"query-input\":{\"@type\":\"PropertyValueSpecification\",\"valueRequired\":true,\"valueName\":\"search_term_string\"}}],\"inLanguage\":\"en-US\"},{\"@type\":\"Organization\",\"@id\":\"https:\\\/\\\/paarpsgard.se\\\/#organization\",\"name\":\"P\u00e5aarps G\u00e5rd\",\"url\":\"https:\\\/\\\/paarpsgard.se\\\/\",\"logo\":{\"@type\":\"ImageObject\",\"inLanguage\":\"en-US\",\"@id\":\"https:\\\/\\\/paarpsgard.se\\\/#\\\/schema\\\/logo\\\/image\\\/\",\"url\":\"https:\\\/\\\/paarpsgard.se\\\/wp-content\\\/uploads\\\/2024\\\/03\\\/logo.png\",\"contentUrl\":\"https:\\\/\\\/paarpsgard.se\\\/wp-content\\\/uploads\\\/2024\\\/03\\\/logo.png\",\"width\":280,\"height\":110,\"caption\":\"P\u00e5aarps G\u00e5rd\"},\"image\":{\"@id\":\"https:\\\/\\\/paarpsgard.se\\\/#\\\/schema\\\/logo\\\/image\\\/\"}}]}<\/script>\n<!-- \/ Yoast SEO plugin. -->","yoast_head_json":{"title":"cottages -","robots":{"index":"index","follow":"follow","max-snippet":"max-snippet:-1","max-image-preview":"max-image-preview:large","max-video-preview":"max-video-preview:-1"},"canonical":"https:\/\/paarpsgard.se\/en\/cottages\/","og_locale":"en_US","og_type":"article","og_title":"cottages -","og_description":"Cottages We offer two cozy cottages: Backabo (6 pers) A comfortable cottage with room for the whole family.First night: SEK 1,200Rest of the days: SEK 600 per day Both cottages are rented out through a cottage agency so limited Book Backabo The lake cabin (4 persons) An idyllic cottage overlooking the lake. First night: SEK [&hellip;]","og_url":"https:\/\/paarpsgard.se\/en\/cottages\/","og_site_name":"P\u00e5aarps G\u00e5rd","article_modified_time":"2024-10-18T09:57:46+00:00","og_image":[{"url":"https:\/\/paarpsgard.se\/wp-content\/uploads\/2024\/10\/stugavit2.png","type":"","width":"","height":""}],"twitter_card":"summary_large_image","schema":{"@context":"https:\/\/schema.org","@graph":[{"@type":"WebPage","@id":"https:\/\/paarpsgard.se\/en\/cottages\/","url":"https:\/\/paarpsgard.se\/en\/cottages\/","name":"cottages -","isPartOf":{"@id":"https:\/\/paarpsgard.se\/#website"},"primaryImageOfPage":{"@id":"https:\/\/paarpsgard.se\/en\/cottages\/#primaryimage"},"image":{"@id":"https:\/\/paarpsgard.se\/en\/cottages\/#primaryimage"},"thumbnailUrl":"https:\/\/paarpsgard.se\/wp-content\/uploads\/2024\/10\/stugavit2.png","datePublished":"2024-10-14T14:25:27+00:00","dateModified":"2024-10-18T09:57:46+00:00","breadcrumb":{"@id":"https:\/\/paarpsgard.se\/en\/cottages\/#breadcrumb"},"inLanguage":"en-US","potentialAction":[{"@type":"ReadAction","target":["https:\/\/paarpsgard.se\/en\/cottages\/"]}]},{"@type":"ImageObject","inLanguage":"en-US","@id":"https:\/\/paarpsgard.se\/en\/cottages\/#primaryimage","url":"https:\/\/paarpsgard.se\/wp-content\/uploads\/2024\/10\/stugavit2.png","contentUrl":"https:\/\/paarpsgard.se\/wp-content\/uploads\/2024\/10\/stugavit2.png"},{"@type":"BreadcrumbList","@id":"https:\/\/paarpsgard.se\/en\/cottages\/#breadcrumb","itemListElement":[{"@type":"ListItem","position":1,"name":"Home","item":"https:\/\/paarpsgard.se\/"},{"@type":"ListItem","position":2,"name":"cottages"}]},{"@type":"WebSite","@id":"https:\/\/paarpsgard.se\/#website","url":"https:\/\/paarpsgard.se\/","name":"P\u00e5aarps G\u00e5rd","description":"P\u00e5aarps G\u00e5rd","publisher":{"@id":"https:\/\/paarpsgard.se\/#organization"},"potentialAction":[{"@type":"SearchAction","target":{"@type":"EntryPoint","urlTemplate":"https:\/\/paarpsgard.se\/?s={search_term_string}"},"query-input":{"@type":"PropertyValueSpecification","valueRequired":true,"valueName":"search_term_string"}}],"inLanguage":"en-US"},{"@type":"Organization","@id":"https:\/\/paarpsgard.se\/#organization","name":"P\u00e5aarps G\u00e5rd","url":"https:\/\/paarpsgard.se\/","logo":{"@type":"ImageObject","inLanguage":"en-US","@id":"https:\/\/paarpsgard.se\/#\/schema\/logo\/image\/","url":"https:\/\/paarpsgard.se\/wp-content\/uploads\/2024\/03\/logo.png","contentUrl":"https:\/\/paarpsgard.se\/wp-content\/uploads\/2024\/03\/logo.png","width":280,"height":110,"caption":"P\u00e5aarps G\u00e5rd"},"image":{"@id":"https:\/\/paarpsgard.se\/#\/schema\/logo\/image\/"}}]}},"_links":{"self":[{"href":"https:\/\/paarpsgard.se\/en\/wp-json\/wp\/v2\/pages\/1570","targetHints":{"allow":["GET"]}}],"collection":[{"href":"https:\/\/paarpsgard.se\/en\/wp-json\/wp\/v2\/pages"}],"about":[{"href":"https:\/\/paarpsgard.se\/en\/wp-json\/wp\/v2\/types\/page"}],"author":[{"embeddable":true,"href":"https:\/\/paarpsgard.se\/en\/wp-json\/wp\/v2\/users\/1"}],"replies":[{"embeddable":true,"href":"https:\/\/paarpsgard.se\/en\/wp-json\/wp\/v2\/comments?post=1570"}],"version-history":[{"count":1,"href":"https:\/\/paarpsgard.se\/en\/wp-json\/wp\/v2\/pages\/1570\/revisions"}],"predecessor-version":[{"id":1576,"href":"https:\/\/paarpsgard.se\/en\/wp-json\/wp\/v2\/pages\/1570\/revisions\/1576"}],"wp:attachment":[{"href":"https:\/\/paarpsgard.se\/en\/wp-json\/wp\/v2\/media?parent=1570"}],"curies":[{"name":"wp","href":"https:\/\/api.w.org\/{rel}","templated":true}]}}