{"id":1568,"date":"2024-10-07T11:42:03","date_gmt":"2024-10-07T11:42:03","guid":{"rendered":"https:\/\/paarpsgard.se\/pentathlon\/"},"modified":"2024-10-18T09:57:45","modified_gmt":"2024-10-18T09:57:45","slug":"pentathlon","status":"publish","type":"page","link":"https:\/\/paarpsgard.se\/en\/pentathlon\/","title":{"rendered":"Pentathlon"},"content":{"rendered":"\t\t<div data-elementor-type=\"wp-page\" data-elementor-id=\"1568\" class=\"elementor elementor-1568 elementor-1466\" data-elementor-post-type=\"page\">\n\t\t\t\t<div class=\"elementor-element elementor-element-e0612ed e-con-full e-flex e-con e-parent\" data-id=\"e0612ed\" data-element_type=\"container\" data-e-type=\"container\">\n\t\t\t\t<div class=\"elementor-element elementor-element-dbd395f elementor-widget elementor-widget-heading\" data-id=\"dbd395f\" data-element_type=\"widget\" data-e-type=\"widget\" data-widget_type=\"heading.default\">\n\t\t\t\t<div class=\"elementor-widget-container\">\n\t\t\t\t\t<h1 class=\"elementor-heading-title elementor-size-default\">Pentathlon<\/h1>\t\t\t\t<\/div>\n\t\t\t\t<\/div>\n\t\t\t\t<\/div>\n\t\t<div class=\"elementor-element elementor-element-20f3186 e-con-full e-flex e-con e-parent\" data-id=\"20f3186\" data-element_type=\"container\" data-e-type=\"container\">\n\t\t<div class=\"elementor-element elementor-element-b21f8bd e-con-full e-flex e-con e-child\" data-id=\"b21f8bd\" data-element_type=\"container\" data-e-type=\"container\">\n\t\t\t\t<div class=\"elementor-element elementor-element-6e2723f elementor-widget-divider--view-line_icon elementor-view-default elementor-widget-divider--element-align-center elementor-widget elementor-widget-divider\" data-id=\"6e2723f\" data-element_type=\"widget\" data-e-type=\"widget\" data-widget_type=\"divider.default\">\n\t\t\t\t<div class=\"elementor-widget-container\">\n\t\t\t\t\t\t\t<div class=\"elementor-divider\">\n\t\t\t<span class=\"elementor-divider-separator\">\n\t\t\t\t\t\t\t<div class=\"elementor-icon elementor-divider__element\">\n\t\t\t\t\t<svg aria-hidden=\"true\" class=\"e-font-icon-svg e-fas-leaf\" viewBox=\"0 0 576 512\" xmlns=\"http:\/\/www.w3.org\/2000\/svg\"><path d=\"M546.2 9.7c-5.6-12.5-21.6-13-28.3-1.2C486.9 62.4 431.4 96 368 96h-80C182 96 96 182 96 288c0 7 .8 13.7 1.5 20.5C161.3 262.8 253.4 224 384 224c8.8 0 16 7.2 16 16s-7.2 16-16 16C132.6 256 26 410.1 2.4 468c-6.6 16.3 1.2 34.9 17.5 41.6 16.4 6.8 35-1.1 41.8-17.3 1.5-3.6 20.9-47.9 71.9-90.6 32.4 43.9 94 85.8 174.9 77.2C465.5 467.5 576 326.7 576 154.3c0-50.2-10.8-102.2-29.8-144.6z\"><\/path><\/svg><\/div>\n\t\t\t\t\t\t<\/span>\n\t\t<\/div>\n\t\t\t\t\t\t<\/div>\n\t\t\t\t<\/div>\n\t\t\t\t<\/div>\n\t\t\t\t<\/div>\n\t\t<div class=\"elementor-element elementor-element-9f261d4 e-con-full e-flex e-con e-parent\" data-id=\"9f261d4\" data-element_type=\"container\" data-e-type=\"container\" data-settings=\"{&quot;background_background&quot;:&quot;classic&quot;}\">\n\t\t<div class=\"elementor-element elementor-element-d85aa7a e-con-full e-flex e-con e-child\" data-id=\"d85aa7a\" data-element_type=\"container\" data-e-type=\"container\" data-settings=\"{&quot;background_background&quot;:&quot;classic&quot;}\">\n\t\t\t\t<div class=\"elementor-element elementor-element-5df921a elementor-widget elementor-widget-text-editor\" data-id=\"5df921a\" data-element_type=\"widget\" data-e-type=\"widget\" data-widget_type=\"text-editor.default\">\n\t\t\t\t<div class=\"elementor-widget-container\">\n\t\t\t\t\t\t\t\t\t<p>A versatile activity with different challenges.<\/p>\n<p>Contact us for price and booking.<\/p>\n\t\t\t\t\t\t\t\t<\/div>\n\t\t\t\t<\/div>\n\t\t\t\t<\/div>\n\t\t<div class=\"elementor-element elementor-element-1887674 e-con-full e-flex e-con e-child\" data-id=\"1887674\" data-element_type=\"container\" data-e-type=\"container\">\n\t\t\t\t<div class=\"elementor-element elementor-element-0a17b0e elementor-widget elementor-widget-image\" data-id=\"0a17b0e\" data-element_type=\"widget\" data-e-type=\"widget\" data-widget_type=\"image.default\">\n\t\t\t\t<div class=\"elementor-widget-container\">\n\t\t\t\t\t\t\t\t\t\t\t\t\t\t\t<img fetchpriority=\"high\" decoding=\"async\" width=\"768\" height=\"1024\" src=\"https:\/\/paarpsgard.se\/wp-content\/uploads\/2024\/10\/Femkamp1-768x1024.jpg\" class=\"attachment-large size-large wp-image-1469\" alt=\"\" srcset=\"https:\/\/paarpsgard.se\/wp-content\/uploads\/2024\/10\/Femkamp1-768x1024.jpg 768w, https:\/\/paarpsgard.se\/wp-content\/uploads\/2024\/10\/Femkamp1-225x300.jpg 225w, https:\/\/paarpsgard.se\/wp-content\/uploads\/2024\/10\/Femkamp1-1152x1536.jpg 1152w, https:\/\/paarpsgard.se\/wp-content\/uploads\/2024\/10\/Femkamp1-1536x2048.jpg 1536w, https:\/\/paarpsgard.se\/wp-content\/uploads\/2024\/10\/Femkamp1-scaled.jpg 1920w\" sizes=\"(max-width: 768px) 100vw, 768px\" \/>\t\t\t\t\t\t\t\t\t\t\t\t\t\t\t<\/div>\n\t\t\t\t<\/div>\n\t\t\t\t<\/div>\n\t\t\t\t<\/div>\n\t\t<div class=\"elementor-element elementor-element-f7ad1cb e-con-full e-flex e-con e-parent\" data-id=\"f7ad1cb\" data-element_type=\"container\" data-e-type=\"container\">\n\t\t<div class=\"elementor-element elementor-element-1085beb e-con-full e-flex e-con e-child\" data-id=\"1085beb\" data-element_type=\"container\" data-e-type=\"container\">\n\t\t\t\t<div class=\"elementor-element elementor-element-0645b1c elementor-widget-divider--view-line_icon elementor-view-default elementor-widget-divider--element-align-center elementor-widget elementor-widget-divider\" data-id=\"0645b1c\" data-element_type=\"widget\" data-e-type=\"widget\" data-widget_type=\"divider.default\">\n\t\t\t\t<div class=\"elementor-widget-container\">\n\t\t\t\t\t\t\t<div class=\"elementor-divider\">\n\t\t\t<span class=\"elementor-divider-separator\">\n\t\t\t\t\t\t\t<div class=\"elementor-icon elementor-divider__element\">\n\t\t\t\t\t<svg aria-hidden=\"true\" class=\"e-font-icon-svg e-fas-leaf\" viewBox=\"0 0 576 512\" xmlns=\"http:\/\/www.w3.org\/2000\/svg\"><path d=\"M546.2 9.7c-5.6-12.5-21.6-13-28.3-1.2C486.9 62.4 431.4 96 368 96h-80C182 96 96 182 96 288c0 7 .8 13.7 1.5 20.5C161.3 262.8 253.4 224 384 224c8.8 0 16 7.2 16 16s-7.2 16-16 16C132.6 256 26 410.1 2.4 468c-6.6 16.3 1.2 34.9 17.5 41.6 16.4 6.8 35-1.1 41.8-17.3 1.5-3.6 20.9-47.9 71.9-90.6 32.4 43.9 94 85.8 174.9 77.2C465.5 467.5 576 326.7 576 154.3c0-50.2-10.8-102.2-29.8-144.6z\"><\/path><\/svg><\/div>\n\t\t\t\t\t\t<\/span>\n\t\t<\/div>\n\t\t\t\t\t\t<\/div>\n\t\t\t\t<\/div>\n\t\t\t\t<\/div>\n\t\t\t\t<\/div>\n\t\t\t\t<\/div>\n\t\t","protected":false},"excerpt":{"rendered":"<p>Pentathlon A versatile activity with different challenges. Contact us for price and booking.<\/p>\n","protected":false},"author":1,"featured_media":0,"parent":0,"menu_order":0,"comment_status":"closed","ping_status":"closed","template":"","meta":{"footnotes":""},"class_list":["post-1568","page","type-page","status-publish","hentry"],"yoast_head":"<!-- This site is optimized with the Yoast SEO plugin v27.4 - https:\/\/yoast.com\/product\/yoast-seo-wordpress\/ -->\n<title>Pentathlon -<\/title>\n<meta name=\"robots\" content=\"index, follow, max-snippet:-1, max-image-preview:large, max-video-preview:-1\" \/>\n<link rel=\"canonical\" href=\"https:\/\/paarpsgard.se\/en\/pentathlon\/\" \/>\n<meta property=\"og:locale\" content=\"en_US\" \/>\n<meta property=\"og:type\" content=\"article\" \/>\n<meta property=\"og:title\" content=\"Pentathlon -\" \/>\n<meta property=\"og:description\" content=\"Pentathlon A versatile activity with different challenges. Contact us for price and booking.\" \/>\n<meta property=\"og:url\" content=\"https:\/\/paarpsgard.se\/en\/pentathlon\/\" \/>\n<meta property=\"og:site_name\" content=\"P\u00e5aarps G\u00e5rd\" \/>\n<meta property=\"article:modified_time\" content=\"2024-10-18T09:57:45+00:00\" \/>\n<meta property=\"og:image\" content=\"https:\/\/paarpsgard.se\/wp-content\/uploads\/2024\/10\/Femkamp1-768x1024.jpg\" \/>\n<meta name=\"twitter:card\" content=\"summary_large_image\" \/>\n<script type=\"application\/ld+json\" class=\"yoast-schema-graph\">{\"@context\":\"https:\\\/\\\/schema.org\",\"@graph\":[{\"@type\":\"WebPage\",\"@id\":\"https:\\\/\\\/paarpsgard.se\\\/en\\\/pentathlon\\\/\",\"url\":\"https:\\\/\\\/paarpsgard.se\\\/en\\\/pentathlon\\\/\",\"name\":\"Pentathlon -\",\"isPartOf\":{\"@id\":\"https:\\\/\\\/paarpsgard.se\\\/#website\"},\"primaryImageOfPage\":{\"@id\":\"https:\\\/\\\/paarpsgard.se\\\/en\\\/pentathlon\\\/#primaryimage\"},\"image\":{\"@id\":\"https:\\\/\\\/paarpsgard.se\\\/en\\\/pentathlon\\\/#primaryimage\"},\"thumbnailUrl\":\"https:\\\/\\\/paarpsgard.se\\\/wp-content\\\/uploads\\\/2024\\\/10\\\/Femkamp1-768x1024.jpg\",\"datePublished\":\"2024-10-07T11:42:03+00:00\",\"dateModified\":\"2024-10-18T09:57:45+00:00\",\"breadcrumb\":{\"@id\":\"https:\\\/\\\/paarpsgard.se\\\/en\\\/pentathlon\\\/#breadcrumb\"},\"inLanguage\":\"en-US\",\"potentialAction\":[{\"@type\":\"ReadAction\",\"target\":[\"https:\\\/\\\/paarpsgard.se\\\/en\\\/pentathlon\\\/\"]}]},{\"@type\":\"ImageObject\",\"inLanguage\":\"en-US\",\"@id\":\"https:\\\/\\\/paarpsgard.se\\\/en\\\/pentathlon\\\/#primaryimage\",\"url\":\"https:\\\/\\\/paarpsgard.se\\\/wp-content\\\/uploads\\\/2024\\\/10\\\/Femkamp1-768x1024.jpg\",\"contentUrl\":\"https:\\\/\\\/paarpsgard.se\\\/wp-content\\\/uploads\\\/2024\\\/10\\\/Femkamp1-768x1024.jpg\"},{\"@type\":\"BreadcrumbList\",\"@id\":\"https:\\\/\\\/paarpsgard.se\\\/en\\\/pentathlon\\\/#breadcrumb\",\"itemListElement\":[{\"@type\":\"ListItem\",\"position\":1,\"name\":\"Home\",\"item\":\"https:\\\/\\\/paarpsgard.se\\\/\"},{\"@type\":\"ListItem\",\"position\":2,\"name\":\"Pentathlon\"}]},{\"@type\":\"WebSite\",\"@id\":\"https:\\\/\\\/paarpsgard.se\\\/#website\",\"url\":\"https:\\\/\\\/paarpsgard.se\\\/\",\"name\":\"P\u00e5aarps G\u00e5rd\",\"description\":\"P\u00e5aarps G\u00e5rd\",\"publisher\":{\"@id\":\"https:\\\/\\\/paarpsgard.se\\\/#organization\"},\"potentialAction\":[{\"@type\":\"SearchAction\",\"target\":{\"@type\":\"EntryPoint\",\"urlTemplate\":\"https:\\\/\\\/paarpsgard.se\\\/?s={search_term_string}\"},\"query-input\":{\"@type\":\"PropertyValueSpecification\",\"valueRequired\":true,\"valueName\":\"search_term_string\"}}],\"inLanguage\":\"en-US\"},{\"@type\":\"Organization\",\"@id\":\"https:\\\/\\\/paarpsgard.se\\\/#organization\",\"name\":\"P\u00e5aarps G\u00e5rd\",\"url\":\"https:\\\/\\\/paarpsgard.se\\\/\",\"logo\":{\"@type\":\"ImageObject\",\"inLanguage\":\"en-US\",\"@id\":\"https:\\\/\\\/paarpsgard.se\\\/#\\\/schema\\\/logo\\\/image\\\/\",\"url\":\"https:\\\/\\\/paarpsgard.se\\\/wp-content\\\/uploads\\\/2024\\\/03\\\/logo.png\",\"contentUrl\":\"https:\\\/\\\/paarpsgard.se\\\/wp-content\\\/uploads\\\/2024\\\/03\\\/logo.png\",\"width\":280,\"height\":110,\"caption\":\"P\u00e5aarps G\u00e5rd\"},\"image\":{\"@id\":\"https:\\\/\\\/paarpsgard.se\\\/#\\\/schema\\\/logo\\\/image\\\/\"}}]}<\/script>\n<!-- \/ Yoast SEO plugin. -->","yoast_head_json":{"title":"Pentathlon -","robots":{"index":"index","follow":"follow","max-snippet":"max-snippet:-1","max-image-preview":"max-image-preview:large","max-video-preview":"max-video-preview:-1"},"canonical":"https:\/\/paarpsgard.se\/en\/pentathlon\/","og_locale":"en_US","og_type":"article","og_title":"Pentathlon -","og_description":"Pentathlon A versatile activity with different challenges. Contact us for price and booking.","og_url":"https:\/\/paarpsgard.se\/en\/pentathlon\/","og_site_name":"P\u00e5aarps G\u00e5rd","article_modified_time":"2024-10-18T09:57:45+00:00","og_image":[{"url":"https:\/\/paarpsgard.se\/wp-content\/uploads\/2024\/10\/Femkamp1-768x1024.jpg","type":"","width":"","height":""}],"twitter_card":"summary_large_image","schema":{"@context":"https:\/\/schema.org","@graph":[{"@type":"WebPage","@id":"https:\/\/paarpsgard.se\/en\/pentathlon\/","url":"https:\/\/paarpsgard.se\/en\/pentathlon\/","name":"Pentathlon -","isPartOf":{"@id":"https:\/\/paarpsgard.se\/#website"},"primaryImageOfPage":{"@id":"https:\/\/paarpsgard.se\/en\/pentathlon\/#primaryimage"},"image":{"@id":"https:\/\/paarpsgard.se\/en\/pentathlon\/#primaryimage"},"thumbnailUrl":"https:\/\/paarpsgard.se\/wp-content\/uploads\/2024\/10\/Femkamp1-768x1024.jpg","datePublished":"2024-10-07T11:42:03+00:00","dateModified":"2024-10-18T09:57:45+00:00","breadcrumb":{"@id":"https:\/\/paarpsgard.se\/en\/pentathlon\/#breadcrumb"},"inLanguage":"en-US","potentialAction":[{"@type":"ReadAction","target":["https:\/\/paarpsgard.se\/en\/pentathlon\/"]}]},{"@type":"ImageObject","inLanguage":"en-US","@id":"https:\/\/paarpsgard.se\/en\/pentathlon\/#primaryimage","url":"https:\/\/paarpsgard.se\/wp-content\/uploads\/2024\/10\/Femkamp1-768x1024.jpg","contentUrl":"https:\/\/paarpsgard.se\/wp-content\/uploads\/2024\/10\/Femkamp1-768x1024.jpg"},{"@type":"BreadcrumbList","@id":"https:\/\/paarpsgard.se\/en\/pentathlon\/#breadcrumb","itemListElement":[{"@type":"ListItem","position":1,"name":"Home","item":"https:\/\/paarpsgard.se\/"},{"@type":"ListItem","position":2,"name":"Pentathlon"}]},{"@type":"WebSite","@id":"https:\/\/paarpsgard.se\/#website","url":"https:\/\/paarpsgard.se\/","name":"P\u00e5aarps G\u00e5rd","description":"P\u00e5aarps G\u00e5rd","publisher":{"@id":"https:\/\/paarpsgard.se\/#organization"},"potentialAction":[{"@type":"SearchAction","target":{"@type":"EntryPoint","urlTemplate":"https:\/\/paarpsgard.se\/?s={search_term_string}"},"query-input":{"@type":"PropertyValueSpecification","valueRequired":true,"valueName":"search_term_string"}}],"inLanguage":"en-US"},{"@type":"Organization","@id":"https:\/\/paarpsgard.se\/#organization","name":"P\u00e5aarps G\u00e5rd","url":"https:\/\/paarpsgard.se\/","logo":{"@type":"ImageObject","inLanguage":"en-US","@id":"https:\/\/paarpsgard.se\/#\/schema\/logo\/image\/","url":"https:\/\/paarpsgard.se\/wp-content\/uploads\/2024\/03\/logo.png","contentUrl":"https:\/\/paarpsgard.se\/wp-content\/uploads\/2024\/03\/logo.png","width":280,"height":110,"caption":"P\u00e5aarps G\u00e5rd"},"image":{"@id":"https:\/\/paarpsgard.se\/#\/schema\/logo\/image\/"}}]}},"_links":{"self":[{"href":"https:\/\/paarpsgard.se\/en\/wp-json\/wp\/v2\/pages\/1568","targetHints":{"allow":["GET"]}}],"collection":[{"href":"https:\/\/paarpsgard.se\/en\/wp-json\/wp\/v2\/pages"}],"about":[{"href":"https:\/\/paarpsgard.se\/en\/wp-json\/wp\/v2\/types\/page"}],"author":[{"embeddable":true,"href":"https:\/\/paarpsgard.se\/en\/wp-json\/wp\/v2\/users\/1"}],"replies":[{"embeddable":true,"href":"https:\/\/paarpsgard.se\/en\/wp-json\/wp\/v2\/comments?post=1568"}],"version-history":[{"count":1,"href":"https:\/\/paarpsgard.se\/en\/wp-json\/wp\/v2\/pages\/1568\/revisions"}],"predecessor-version":[{"id":1573,"href":"https:\/\/paarpsgard.se\/en\/wp-json\/wp\/v2\/pages\/1568\/revisions\/1573"}],"wp:attachment":[{"href":"https:\/\/paarpsgard.se\/en\/wp-json\/wp\/v2\/media?parent=1568"}],"curies":[{"name":"wp","href":"https:\/\/api.w.org\/{rel}","templated":true}]}}