{"id":1567,"date":"2024-09-17T13:07:41","date_gmt":"2024-09-17T13:07:41","guid":{"rendered":"https:\/\/paarpsgard.se\/rental-of-premises\/"},"modified":"2024-10-18T09:57:45","modified_gmt":"2024-10-18T09:57:45","slug":"rental-of-premises","status":"publish","type":"page","link":"https:\/\/paarpsgard.se\/en\/rental-of-premises\/","title":{"rendered":"Rental of premises"},"content":{"rendered":"\t\t<div data-elementor-type=\"wp-page\" data-elementor-id=\"1567\" class=\"elementor elementor-1567 elementor-1392\" data-elementor-post-type=\"page\">\n\t\t\t\t<div class=\"elementor-element elementor-element-e0612ed e-con-full e-flex e-con e-parent\" data-id=\"e0612ed\" data-element_type=\"container\" data-e-type=\"container\">\n\t\t\t\t<div class=\"elementor-element elementor-element-dbd395f elementor-widget elementor-widget-heading\" data-id=\"dbd395f\" data-element_type=\"widget\" data-e-type=\"widget\" data-widget_type=\"heading.default\">\n\t\t\t\t<div class=\"elementor-widget-container\">\n\t\t\t\t\t<h1 class=\"elementor-heading-title elementor-size-default\">Rental of premises<\/h1>\t\t\t\t<\/div>\n\t\t\t\t<\/div>\n\t\t\t\t<div class=\"elementor-element elementor-element-b45cc51 elementor-widget elementor-widget-text-editor\" data-id=\"b45cc51\" data-element_type=\"widget\" data-e-type=\"widget\" data-widget_type=\"text-editor.default\">\n\t\t\t\t<div class=\"elementor-widget-container\">\n\t\t\t\t\t\t\t\t\t<p>We offer rental of our barn and conference room for various events:<\/p>\n\t\t\t\t\t\t\t\t<\/div>\n\t\t\t\t<\/div>\n\t\t\t\t<div class=\"elementor-element elementor-element-8323beb elementor-widget-divider--view-line elementor-widget elementor-widget-divider\" data-id=\"8323beb\" data-element_type=\"widget\" data-e-type=\"widget\" data-widget_type=\"divider.default\">\n\t\t\t\t<div class=\"elementor-widget-container\">\n\t\t\t\t\t\t\t<div class=\"elementor-divider\">\n\t\t\t<span class=\"elementor-divider-separator\">\n\t\t\t\t\t\t<\/span>\n\t\t<\/div>\n\t\t\t\t\t\t<\/div>\n\t\t\t\t<\/div>\n\t\t\t\t<\/div>\n\t\t<div class=\"elementor-element elementor-element-0684453 e-con-full e-flex e-con e-parent\" data-id=\"0684453\" data-element_type=\"container\" data-e-type=\"container\">\n\t\t<div class=\"elementor-element elementor-element-3bf1606 e-con-full e-flex e-con e-child\" data-id=\"3bf1606\" data-element_type=\"container\" data-e-type=\"container\">\n\t\t\t\t<div class=\"elementor-element elementor-element-f63affe elementor-widget elementor-widget-text-editor\" data-id=\"f63affe\" data-element_type=\"widget\" data-e-type=\"widget\" data-widget_type=\"text-editor.default\">\n\t\t\t\t<div class=\"elementor-widget-container\">\n\t\t\t\t\t\t\t\t\t<h2>Barn and Conference Room<\/h2>\n<p>Perfect for weddings, confirmations, groups, trainings, tastings, yoga and other events.<\/p>\n<p><em>Contact us for price and further information. Catering can be arranged if required <\/em><\/p>\n\t\t\t\t\t\t\t\t<\/div>\n\t\t\t\t<\/div>\n\t\t\t\t<\/div>\n\t\t<div class=\"elementor-element elementor-element-6765867 e-con-full e-flex e-con e-child\" data-id=\"6765867\" data-element_type=\"container\" data-e-type=\"container\">\n\t\t\t\t<div class=\"elementor-element elementor-element-721b13e elementor-widget elementor-widget-image\" data-id=\"721b13e\" data-element_type=\"widget\" data-e-type=\"widget\" data-widget_type=\"image.default\">\n\t\t\t\t<div class=\"elementor-widget-container\">\n\t\t\t\t\t\t\t\t\t\t\t\t\t\t\t<img fetchpriority=\"high\" decoding=\"async\" width=\"800\" height=\"600\" src=\"https:\/\/paarpsgard.se\/wp-content\/uploads\/2024\/10\/IMG_1271-1024x768.jpg\" class=\"attachment-large size-large wp-image-1485\" alt=\"\" srcset=\"https:\/\/paarpsgard.se\/wp-content\/uploads\/2024\/10\/IMG_1271-1024x768.jpg 1024w, https:\/\/paarpsgard.se\/wp-content\/uploads\/2024\/10\/IMG_1271-300x225.jpg 300w, https:\/\/paarpsgard.se\/wp-content\/uploads\/2024\/10\/IMG_1271-768x576.jpg 768w, https:\/\/paarpsgard.se\/wp-content\/uploads\/2024\/10\/IMG_1271-1536x1152.jpg 1536w, https:\/\/paarpsgard.se\/wp-content\/uploads\/2024\/10\/IMG_1271-2048x1536.jpg 2048w\" sizes=\"(max-width: 800px) 100vw, 800px\" \/>\t\t\t\t\t\t\t\t\t\t\t\t\t\t\t<\/div>\n\t\t\t\t<\/div>\n\t\t\t\t<\/div>\n\t\t\t\t<\/div>\n\t\t<div class=\"elementor-element elementor-element-c5d2f56 e-con-full e-flex e-con e-parent\" data-id=\"c5d2f56\" data-element_type=\"container\" data-e-type=\"container\">\n\t\t<div class=\"elementor-element elementor-element-d806055 e-con-full e-flex e-con e-child\" data-id=\"d806055\" data-element_type=\"container\" data-e-type=\"container\">\n\t\t\t\t<div class=\"elementor-element elementor-element-ecd19d5 elementor-widget-divider--view-line_icon elementor-view-default elementor-widget-divider--element-align-center elementor-widget elementor-widget-divider\" data-id=\"ecd19d5\" data-element_type=\"widget\" data-e-type=\"widget\" data-widget_type=\"divider.default\">\n\t\t\t\t<div class=\"elementor-widget-container\">\n\t\t\t\t\t\t\t<div class=\"elementor-divider\">\n\t\t\t<span class=\"elementor-divider-separator\">\n\t\t\t\t\t\t\t<div class=\"elementor-icon elementor-divider__element\">\n\t\t\t\t\t<svg aria-hidden=\"true\" class=\"e-font-icon-svg e-fas-leaf\" viewBox=\"0 0 576 512\" xmlns=\"http:\/\/www.w3.org\/2000\/svg\"><path d=\"M546.2 9.7c-5.6-12.5-21.6-13-28.3-1.2C486.9 62.4 431.4 96 368 96h-80C182 96 96 182 96 288c0 7 .8 13.7 1.5 20.5C161.3 262.8 253.4 224 384 224c8.8 0 16 7.2 16 16s-7.2 16-16 16C132.6 256 26 410.1 2.4 468c-6.6 16.3 1.2 34.9 17.5 41.6 16.4 6.8 35-1.1 41.8-17.3 1.5-3.6 20.9-47.9 71.9-90.6 32.4 43.9 94 85.8 174.9 77.2C465.5 467.5 576 326.7 576 154.3c0-50.2-10.8-102.2-29.8-144.6z\"><\/path><\/svg><\/div>\n\t\t\t\t\t\t<\/span>\n\t\t<\/div>\n\t\t\t\t\t\t<\/div>\n\t\t\t\t<\/div>\n\t\t\t\t<\/div>\n\t\t\t\t<\/div>\n\t\t<div class=\"elementor-element elementor-element-e0c835c e-flex e-con-boxed e-con e-parent\" data-id=\"e0c835c\" data-element_type=\"container\" data-e-type=\"container\">\n\t\t\t\t\t<div class=\"e-con-inner\">\n\t\t<div class=\"elementor-element elementor-element-64e4588 e-con-full e-flex e-con e-child\" data-id=\"64e4588\" data-element_type=\"container\" data-e-type=\"container\">\n\t\t\t\t<div class=\"elementor-element elementor-element-60f201d elementor-widget elementor-widget-image\" data-id=\"60f201d\" data-element_type=\"widget\" data-e-type=\"widget\" data-widget_type=\"image.default\">\n\t\t\t\t<div class=\"elementor-widget-container\">\n\t\t\t\t\t\t\t\t\t\t\t\t\t\t\t<img decoding=\"async\" width=\"768\" height=\"1024\" src=\"https:\/\/paarpsgard.se\/wp-content\/uploads\/2024\/10\/IMG_3543-768x1024.jpg\" class=\"attachment-large size-large wp-image-1482\" alt=\"\" srcset=\"https:\/\/paarpsgard.se\/wp-content\/uploads\/2024\/10\/IMG_3543-768x1024.jpg 768w, https:\/\/paarpsgard.se\/wp-content\/uploads\/2024\/10\/IMG_3543-225x300.jpg 225w, https:\/\/paarpsgard.se\/wp-content\/uploads\/2024\/10\/IMG_3543-1152x1536.jpg 1152w, https:\/\/paarpsgard.se\/wp-content\/uploads\/2024\/10\/IMG_3543-1536x2048.jpg 1536w, https:\/\/paarpsgard.se\/wp-content\/uploads\/2024\/10\/IMG_3543-scaled.jpg 1920w\" sizes=\"(max-width: 768px) 100vw, 768px\" \/>\t\t\t\t\t\t\t\t\t\t\t\t\t\t\t<\/div>\n\t\t\t\t<\/div>\n\t\t\t\t<\/div>\n\t\t<div class=\"elementor-element elementor-element-77cc870 e-con-full e-flex e-con e-child\" data-id=\"77cc870\" data-element_type=\"container\" data-e-type=\"container\">\n\t\t\t\t<div class=\"elementor-element elementor-element-26733e6 elementor-widget elementor-widget-image\" data-id=\"26733e6\" data-element_type=\"widget\" data-e-type=\"widget\" data-widget_type=\"image.default\">\n\t\t\t\t<div class=\"elementor-widget-container\">\n\t\t\t\t\t\t\t\t\t\t\t\t\t\t\t<img decoding=\"async\" width=\"768\" height=\"1024\" src=\"https:\/\/paarpsgard.se\/wp-content\/uploads\/2024\/10\/IMG_3478-768x1024.jpg\" class=\"attachment-large size-large wp-image-1483\" alt=\"\" srcset=\"https:\/\/paarpsgard.se\/wp-content\/uploads\/2024\/10\/IMG_3478-768x1024.jpg 768w, https:\/\/paarpsgard.se\/wp-content\/uploads\/2024\/10\/IMG_3478-225x300.jpg 225w, https:\/\/paarpsgard.se\/wp-content\/uploads\/2024\/10\/IMG_3478-1152x1536.jpg 1152w, https:\/\/paarpsgard.se\/wp-content\/uploads\/2024\/10\/IMG_3478-1536x2048.jpg 1536w, https:\/\/paarpsgard.se\/wp-content\/uploads\/2024\/10\/IMG_3478-scaled.jpg 1920w\" sizes=\"(max-width: 768px) 100vw, 768px\" \/>\t\t\t\t\t\t\t\t\t\t\t\t\t\t\t<\/div>\n\t\t\t\t<\/div>\n\t\t\t\t<\/div>\n\t\t<div class=\"elementor-element elementor-element-5f2919c e-con-full e-flex e-con e-child\" data-id=\"5f2919c\" data-element_type=\"container\" data-e-type=\"container\">\n\t\t\t\t<div class=\"elementor-element elementor-element-a070b9a elementor-widget elementor-widget-image\" data-id=\"a070b9a\" data-element_type=\"widget\" data-e-type=\"widget\" data-widget_type=\"image.default\">\n\t\t\t\t<div class=\"elementor-widget-container\">\n\t\t\t\t\t\t\t\t\t\t\t\t\t\t\t<img loading=\"lazy\" decoding=\"async\" width=\"768\" height=\"1024\" src=\"https:\/\/paarpsgard.se\/wp-content\/uploads\/2024\/10\/IMG_2807-768x1024.jpg\" class=\"attachment-large size-large wp-image-1484\" alt=\"\" srcset=\"https:\/\/paarpsgard.se\/wp-content\/uploads\/2024\/10\/IMG_2807-768x1024.jpg 768w, https:\/\/paarpsgard.se\/wp-content\/uploads\/2024\/10\/IMG_2807-225x300.jpg 225w, https:\/\/paarpsgard.se\/wp-content\/uploads\/2024\/10\/IMG_2807-1152x1536.jpg 1152w, https:\/\/paarpsgard.se\/wp-content\/uploads\/2024\/10\/IMG_2807-1536x2048.jpg 1536w, https:\/\/paarpsgard.se\/wp-content\/uploads\/2024\/10\/IMG_2807-scaled.jpg 1920w\" sizes=\"(max-width: 768px) 100vw, 768px\" \/>\t\t\t\t\t\t\t\t\t\t\t\t\t\t\t<\/div>\n\t\t\t\t<\/div>\n\t\t\t\t<\/div>\n\t\t<div class=\"elementor-element elementor-element-abf7685 e-con-full e-flex e-con e-child\" data-id=\"abf7685\" data-element_type=\"container\" data-e-type=\"container\">\n\t\t\t\t<div class=\"elementor-element elementor-element-e385c03 elementor-widget elementor-widget-image\" data-id=\"e385c03\" data-element_type=\"widget\" data-e-type=\"widget\" data-widget_type=\"image.default\">\n\t\t\t\t<div class=\"elementor-widget-container\">\n\t\t\t\t\t\t\t\t\t\t\t\t\t\t\t<img loading=\"lazy\" decoding=\"async\" width=\"768\" height=\"1024\" src=\"https:\/\/paarpsgard.se\/wp-content\/uploads\/2024\/10\/IMG_3477-768x1024.jpg\" class=\"attachment-large size-large wp-image-1486\" alt=\"\" srcset=\"https:\/\/paarpsgard.se\/wp-content\/uploads\/2024\/10\/IMG_3477-768x1024.jpg 768w, https:\/\/paarpsgard.se\/wp-content\/uploads\/2024\/10\/IMG_3477-225x300.jpg 225w, https:\/\/paarpsgard.se\/wp-content\/uploads\/2024\/10\/IMG_3477-1152x1536.jpg 1152w, https:\/\/paarpsgard.se\/wp-content\/uploads\/2024\/10\/IMG_3477-1536x2048.jpg 1536w, https:\/\/paarpsgard.se\/wp-content\/uploads\/2024\/10\/IMG_3477-scaled.jpg 1920w\" sizes=\"(max-width: 768px) 100vw, 768px\" \/>\t\t\t\t\t\t\t\t\t\t\t\t\t\t\t<\/div>\n\t\t\t\t<\/div>\n\t\t\t\t<\/div>\n\t\t\t\t\t<\/div>\n\t\t\t\t<\/div>\n\t\t\t\t<\/div>\n\t\t","protected":false},"excerpt":{"rendered":"<p>Rental of premises We offer rental of our barn and conference room for various events: Barn and Conference Room Perfect for weddings, confirmations, groups, trainings, tastings, yoga and other events. Contact us for price and further information. Catering can be arranged if required<\/p>\n","protected":false},"author":1,"featured_media":0,"parent":0,"menu_order":0,"comment_status":"closed","ping_status":"closed","template":"","meta":{"footnotes":""},"class_list":["post-1567","page","type-page","status-publish","hentry"],"yoast_head":"<!-- This site is optimized with the Yoast SEO plugin v27.4 - https:\/\/yoast.com\/product\/yoast-seo-wordpress\/ -->\n<title>Rental of premises -<\/title>\n<meta name=\"robots\" content=\"index, follow, max-snippet:-1, max-image-preview:large, max-video-preview:-1\" \/>\n<link rel=\"canonical\" href=\"https:\/\/paarpsgard.se\/en\/rental-of-premises\/\" \/>\n<meta property=\"og:locale\" content=\"en_US\" \/>\n<meta property=\"og:type\" content=\"article\" \/>\n<meta property=\"og:title\" content=\"Rental of premises -\" \/>\n<meta property=\"og:description\" content=\"Rental of premises We offer rental of our barn and conference room for various events: Barn and Conference Room Perfect for weddings, confirmations, groups, trainings, tastings, yoga and other events. Contact us for price and further information. Catering can be arranged if required\" \/>\n<meta property=\"og:url\" content=\"https:\/\/paarpsgard.se\/en\/rental-of-premises\/\" \/>\n<meta property=\"og:site_name\" content=\"P\u00e5aarps G\u00e5rd\" \/>\n<meta property=\"article:modified_time\" content=\"2024-10-18T09:57:45+00:00\" \/>\n<meta property=\"og:image\" content=\"https:\/\/paarpsgard.se\/wp-content\/uploads\/2024\/10\/IMG_1271-1024x768.jpg\" \/>\n<meta name=\"twitter:card\" content=\"summary_large_image\" \/>\n<script type=\"application\/ld+json\" class=\"yoast-schema-graph\">{\"@context\":\"https:\\\/\\\/schema.org\",\"@graph\":[{\"@type\":\"WebPage\",\"@id\":\"https:\\\/\\\/paarpsgard.se\\\/en\\\/rental-of-premises\\\/\",\"url\":\"https:\\\/\\\/paarpsgard.se\\\/en\\\/rental-of-premises\\\/\",\"name\":\"Rental of premises -\",\"isPartOf\":{\"@id\":\"https:\\\/\\\/paarpsgard.se\\\/#website\"},\"primaryImageOfPage\":{\"@id\":\"https:\\\/\\\/paarpsgard.se\\\/en\\\/rental-of-premises\\\/#primaryimage\"},\"image\":{\"@id\":\"https:\\\/\\\/paarpsgard.se\\\/en\\\/rental-of-premises\\\/#primaryimage\"},\"thumbnailUrl\":\"https:\\\/\\\/paarpsgard.se\\\/wp-content\\\/uploads\\\/2024\\\/10\\\/IMG_1271-1024x768.jpg\",\"datePublished\":\"2024-09-17T13:07:41+00:00\",\"dateModified\":\"2024-10-18T09:57:45+00:00\",\"breadcrumb\":{\"@id\":\"https:\\\/\\\/paarpsgard.se\\\/en\\\/rental-of-premises\\\/#breadcrumb\"},\"inLanguage\":\"en-US\",\"potentialAction\":[{\"@type\":\"ReadAction\",\"target\":[\"https:\\\/\\\/paarpsgard.se\\\/en\\\/rental-of-premises\\\/\"]}]},{\"@type\":\"ImageObject\",\"inLanguage\":\"en-US\",\"@id\":\"https:\\\/\\\/paarpsgard.se\\\/en\\\/rental-of-premises\\\/#primaryimage\",\"url\":\"https:\\\/\\\/paarpsgard.se\\\/wp-content\\\/uploads\\\/2024\\\/10\\\/IMG_1271-1024x768.jpg\",\"contentUrl\":\"https:\\\/\\\/paarpsgard.se\\\/wp-content\\\/uploads\\\/2024\\\/10\\\/IMG_1271-1024x768.jpg\"},{\"@type\":\"BreadcrumbList\",\"@id\":\"https:\\\/\\\/paarpsgard.se\\\/en\\\/rental-of-premises\\\/#breadcrumb\",\"itemListElement\":[{\"@type\":\"ListItem\",\"position\":1,\"name\":\"Home\",\"item\":\"https:\\\/\\\/paarpsgard.se\\\/\"},{\"@type\":\"ListItem\",\"position\":2,\"name\":\"Rental of premises\"}]},{\"@type\":\"WebSite\",\"@id\":\"https:\\\/\\\/paarpsgard.se\\\/#website\",\"url\":\"https:\\\/\\\/paarpsgard.se\\\/\",\"name\":\"P\u00e5aarps G\u00e5rd\",\"description\":\"P\u00e5aarps G\u00e5rd\",\"publisher\":{\"@id\":\"https:\\\/\\\/paarpsgard.se\\\/#organization\"},\"potentialAction\":[{\"@type\":\"SearchAction\",\"target\":{\"@type\":\"EntryPoint\",\"urlTemplate\":\"https:\\\/\\\/paarpsgard.se\\\/?s={search_term_string}\"},\"query-input\":{\"@type\":\"PropertyValueSpecification\",\"valueRequired\":true,\"valueName\":\"search_term_string\"}}],\"inLanguage\":\"en-US\"},{\"@type\":\"Organization\",\"@id\":\"https:\\\/\\\/paarpsgard.se\\\/#organization\",\"name\":\"P\u00e5aarps G\u00e5rd\",\"url\":\"https:\\\/\\\/paarpsgard.se\\\/\",\"logo\":{\"@type\":\"ImageObject\",\"inLanguage\":\"en-US\",\"@id\":\"https:\\\/\\\/paarpsgard.se\\\/#\\\/schema\\\/logo\\\/image\\\/\",\"url\":\"https:\\\/\\\/paarpsgard.se\\\/wp-content\\\/uploads\\\/2024\\\/03\\\/logo.png\",\"contentUrl\":\"https:\\\/\\\/paarpsgard.se\\\/wp-content\\\/uploads\\\/2024\\\/03\\\/logo.png\",\"width\":280,\"height\":110,\"caption\":\"P\u00e5aarps G\u00e5rd\"},\"image\":{\"@id\":\"https:\\\/\\\/paarpsgard.se\\\/#\\\/schema\\\/logo\\\/image\\\/\"}}]}<\/script>\n<!-- \/ Yoast SEO plugin. -->","yoast_head_json":{"title":"Rental of premises -","robots":{"index":"index","follow":"follow","max-snippet":"max-snippet:-1","max-image-preview":"max-image-preview:large","max-video-preview":"max-video-preview:-1"},"canonical":"https:\/\/paarpsgard.se\/en\/rental-of-premises\/","og_locale":"en_US","og_type":"article","og_title":"Rental of premises -","og_description":"Rental of premises We offer rental of our barn and conference room for various events: Barn and Conference Room Perfect for weddings, confirmations, groups, trainings, tastings, yoga and other events. Contact us for price and further information. Catering can be arranged if required","og_url":"https:\/\/paarpsgard.se\/en\/rental-of-premises\/","og_site_name":"P\u00e5aarps G\u00e5rd","article_modified_time":"2024-10-18T09:57:45+00:00","og_image":[{"url":"https:\/\/paarpsgard.se\/wp-content\/uploads\/2024\/10\/IMG_1271-1024x768.jpg","type":"","width":"","height":""}],"twitter_card":"summary_large_image","schema":{"@context":"https:\/\/schema.org","@graph":[{"@type":"WebPage","@id":"https:\/\/paarpsgard.se\/en\/rental-of-premises\/","url":"https:\/\/paarpsgard.se\/en\/rental-of-premises\/","name":"Rental of premises -","isPartOf":{"@id":"https:\/\/paarpsgard.se\/#website"},"primaryImageOfPage":{"@id":"https:\/\/paarpsgard.se\/en\/rental-of-premises\/#primaryimage"},"image":{"@id":"https:\/\/paarpsgard.se\/en\/rental-of-premises\/#primaryimage"},"thumbnailUrl":"https:\/\/paarpsgard.se\/wp-content\/uploads\/2024\/10\/IMG_1271-1024x768.jpg","datePublished":"2024-09-17T13:07:41+00:00","dateModified":"2024-10-18T09:57:45+00:00","breadcrumb":{"@id":"https:\/\/paarpsgard.se\/en\/rental-of-premises\/#breadcrumb"},"inLanguage":"en-US","potentialAction":[{"@type":"ReadAction","target":["https:\/\/paarpsgard.se\/en\/rental-of-premises\/"]}]},{"@type":"ImageObject","inLanguage":"en-US","@id":"https:\/\/paarpsgard.se\/en\/rental-of-premises\/#primaryimage","url":"https:\/\/paarpsgard.se\/wp-content\/uploads\/2024\/10\/IMG_1271-1024x768.jpg","contentUrl":"https:\/\/paarpsgard.se\/wp-content\/uploads\/2024\/10\/IMG_1271-1024x768.jpg"},{"@type":"BreadcrumbList","@id":"https:\/\/paarpsgard.se\/en\/rental-of-premises\/#breadcrumb","itemListElement":[{"@type":"ListItem","position":1,"name":"Home","item":"https:\/\/paarpsgard.se\/"},{"@type":"ListItem","position":2,"name":"Rental of premises"}]},{"@type":"WebSite","@id":"https:\/\/paarpsgard.se\/#website","url":"https:\/\/paarpsgard.se\/","name":"P\u00e5aarps G\u00e5rd","description":"P\u00e5aarps G\u00e5rd","publisher":{"@id":"https:\/\/paarpsgard.se\/#organization"},"potentialAction":[{"@type":"SearchAction","target":{"@type":"EntryPoint","urlTemplate":"https:\/\/paarpsgard.se\/?s={search_term_string}"},"query-input":{"@type":"PropertyValueSpecification","valueRequired":true,"valueName":"search_term_string"}}],"inLanguage":"en-US"},{"@type":"Organization","@id":"https:\/\/paarpsgard.se\/#organization","name":"P\u00e5aarps G\u00e5rd","url":"https:\/\/paarpsgard.se\/","logo":{"@type":"ImageObject","inLanguage":"en-US","@id":"https:\/\/paarpsgard.se\/#\/schema\/logo\/image\/","url":"https:\/\/paarpsgard.se\/wp-content\/uploads\/2024\/03\/logo.png","contentUrl":"https:\/\/paarpsgard.se\/wp-content\/uploads\/2024\/03\/logo.png","width":280,"height":110,"caption":"P\u00e5aarps G\u00e5rd"},"image":{"@id":"https:\/\/paarpsgard.se\/#\/schema\/logo\/image\/"}}]}},"_links":{"self":[{"href":"https:\/\/paarpsgard.se\/en\/wp-json\/wp\/v2\/pages\/1567","targetHints":{"allow":["GET"]}}],"collection":[{"href":"https:\/\/paarpsgard.se\/en\/wp-json\/wp\/v2\/pages"}],"about":[{"href":"https:\/\/paarpsgard.se\/en\/wp-json\/wp\/v2\/types\/page"}],"author":[{"embeddable":true,"href":"https:\/\/paarpsgard.se\/en\/wp-json\/wp\/v2\/users\/1"}],"replies":[{"embeddable":true,"href":"https:\/\/paarpsgard.se\/en\/wp-json\/wp\/v2\/comments?post=1567"}],"version-history":[{"count":1,"href":"https:\/\/paarpsgard.se\/en\/wp-json\/wp\/v2\/pages\/1567\/revisions"}],"predecessor-version":[{"id":1574,"href":"https:\/\/paarpsgard.se\/en\/wp-json\/wp\/v2\/pages\/1567\/revisions\/1574"}],"wp:attachment":[{"href":"https:\/\/paarpsgard.se\/en\/wp-json\/wp\/v2\/media?parent=1567"}],"curies":[{"name":"wp","href":"https:\/\/api.w.org\/{rel}","templated":true}]}}