{"id":1566,"date":"2024-10-14T14:26:37","date_gmt":"2024-10-14T14:26:37","guid":{"rendered":"https:\/\/paarpsgard.se\/real-motorway-service-area\/"},"modified":"2026-03-24T19:56:50","modified_gmt":"2026-03-24T19:56:50","slug":"real-motorway-service-area","status":"publish","type":"page","link":"https:\/\/paarpsgard.se\/en\/real-motorway-service-area\/","title":{"rendered":"Real motorway service area"},"content":{"rendered":"\t\t<div data-elementor-type=\"wp-page\" data-elementor-id=\"1566\" class=\"elementor elementor-1566 elementor-1511\" data-elementor-post-type=\"page\">\n\t\t\t\t<div class=\"elementor-element elementor-element-e0612ed e-con-full e-flex e-con e-parent\" data-id=\"e0612ed\" data-element_type=\"container\" data-e-type=\"container\" data-settings=\"{&quot;background_background&quot;:&quot;classic&quot;}\">\n\t\t\t\t<div class=\"elementor-element elementor-element-dbd395f elementor-widget elementor-widget-heading\" data-id=\"dbd395f\" data-element_type=\"widget\" data-e-type=\"widget\" data-widget_type=\"heading.default\">\n\t\t\t\t<div class=\"elementor-widget-container\">\n\t\t\t\t\t<h1 class=\"elementor-heading-title elementor-size-default\">Real motorhome parking \/ Camping<\/h1>\t\t\t\t<\/div>\n\t\t\t\t<\/div>\n\t\t\t\t<div class=\"elementor-element elementor-element-8323beb elementor-widget-divider--view-line elementor-widget elementor-widget-divider\" data-id=\"8323beb\" data-element_type=\"widget\" data-e-type=\"widget\" data-widget_type=\"divider.default\">\n\t\t\t\t<div class=\"elementor-widget-container\">\n\t\t\t\t\t\t\t<div class=\"elementor-divider\">\n\t\t\t<span class=\"elementor-divider-separator\">\n\t\t\t\t\t\t<\/span>\n\t\t<\/div>\n\t\t\t\t\t\t<\/div>\n\t\t\t\t<\/div>\n\t\t\t\t<\/div>\n\t\t<div class=\"elementor-element elementor-element-4324dd7 e-con-full e-flex e-con e-parent\" data-id=\"4324dd7\" data-element_type=\"container\" data-e-type=\"container\">\n\t\t<div class=\"elementor-element elementor-element-c365985 e-con-full e-flex e-con e-child\" data-id=\"c365985\" data-element_type=\"container\" data-e-type=\"container\">\n\t\t\t\t<div class=\"elementor-element elementor-element-dd4488b elementor-widget elementor-widget-text-editor\" data-id=\"dd4488b\" data-element_type=\"widget\" data-e-type=\"widget\" data-widget_type=\"text-editor.default\">\n\t\t\t\t<div class=\"elementor-widget-container\">\n\t\t\t\t\t\t\t\t\t<h2>Real motorhome parking \/ Camping<\/h2>\n<p>We offer pitches for motorhomes and caravans on our beautiful lake. There are four different areas to choose from: <\/p>\n<p>Price per night: SEK 200 (including electricity and access to service facilities)<\/p>\n<p><strong>Here you are welcome to park in a free space.<\/strong><br><strong>Payment is made via swish 123-462 49 04<br>200 SEK\/night. <\/strong><br><strong>Write your registration number as a message when paying<\/strong>.<\/p>\n<p><em>Please note that pitches cannot be booked in advance. First come, first served. <\/em><br><em>The parking lots are self-service. Information can be found at the tourist information office at the main building, where you can also buy ice cream and drinks during the summer. <\/em><\/p>\t\t\t\t\t\t\t\t<\/div>\n\t\t\t\t<\/div>\n\t\t\t\t<\/div>\n\t\t<div class=\"elementor-element elementor-element-c89d43a e-con-full e-flex e-con e-child\" data-id=\"c89d43a\" data-element_type=\"container\" data-e-type=\"container\">\n\t\t\t\t<div class=\"elementor-element elementor-element-0ec50a3 elementor-widget elementor-widget-image\" data-id=\"0ec50a3\" data-element_type=\"widget\" data-e-type=\"widget\" data-widget_type=\"image.default\">\n\t\t\t\t<div class=\"elementor-widget-container\">\n\t\t\t\t\t\t\t\t\t\t\t\t\t\t\t<img fetchpriority=\"high\" decoding=\"async\" width=\"800\" height=\"600\" src=\"https:\/\/paarpsgard.se\/wp-content\/uploads\/2024\/10\/DJI_0017-1024x768.jpeg\" class=\"attachment-large size-large wp-image-1562\" alt=\"\" srcset=\"https:\/\/paarpsgard.se\/wp-content\/uploads\/2024\/10\/DJI_0017-1024x768.jpeg 1024w, https:\/\/paarpsgard.se\/wp-content\/uploads\/2024\/10\/DJI_0017-300x225.jpeg 300w, https:\/\/paarpsgard.se\/wp-content\/uploads\/2024\/10\/DJI_0017-768x576.jpeg 768w, https:\/\/paarpsgard.se\/wp-content\/uploads\/2024\/10\/DJI_0017-1536x1152.jpeg 1536w, https:\/\/paarpsgard.se\/wp-content\/uploads\/2024\/10\/DJI_0017-2048x1536.jpeg 2048w\" sizes=\"(max-width: 800px) 100vw, 800px\" \/>\t\t\t\t\t\t\t\t\t\t\t\t\t\t\t<\/div>\n\t\t\t\t<\/div>\n\t\t\t\t<\/div>\n\t\t\t\t<\/div>\n\t\t<div class=\"elementor-element elementor-element-f7ad1cb e-con-full e-flex e-con e-parent\" data-id=\"f7ad1cb\" data-element_type=\"container\" data-e-type=\"container\">\n\t\t<div class=\"elementor-element elementor-element-1085beb e-con-full e-flex e-con e-child\" data-id=\"1085beb\" data-element_type=\"container\" data-e-type=\"container\">\n\t\t\t\t<div class=\"elementor-element elementor-element-0645b1c elementor-widget-divider--view-line_icon elementor-view-default elementor-widget-divider--element-align-center elementor-widget elementor-widget-divider\" data-id=\"0645b1c\" data-element_type=\"widget\" data-e-type=\"widget\" data-widget_type=\"divider.default\">\n\t\t\t\t<div class=\"elementor-widget-container\">\n\t\t\t\t\t\t\t<div class=\"elementor-divider\">\n\t\t\t<span class=\"elementor-divider-separator\">\n\t\t\t\t\t\t\t<div class=\"elementor-icon elementor-divider__element\">\n\t\t\t\t\t<svg aria-hidden=\"true\" class=\"e-font-icon-svg e-fas-leaf\" viewBox=\"0 0 576 512\" xmlns=\"http:\/\/www.w3.org\/2000\/svg\"><path d=\"M546.2 9.7c-5.6-12.5-21.6-13-28.3-1.2C486.9 62.4 431.4 96 368 96h-80C182 96 96 182 96 288c0 7 .8 13.7 1.5 20.5C161.3 262.8 253.4 224 384 224c8.8 0 16 7.2 16 16s-7.2 16-16 16C132.6 256 26 410.1 2.4 468c-6.6 16.3 1.2 34.9 17.5 41.6 16.4 6.8 35-1.1 41.8-17.3 1.5-3.6 20.9-47.9 71.9-90.6 32.4 43.9 94 85.8 174.9 77.2C465.5 467.5 576 326.7 576 154.3c0-50.2-10.8-102.2-29.8-144.6z\"><\/path><\/svg><\/div>\n\t\t\t\t\t\t<\/span>\n\t\t<\/div>\n\t\t\t\t\t\t<\/div>\n\t\t\t\t<\/div>\n\t\t\t\t<\/div>\n\t\t\t\t<\/div>\n\t\t<div class=\"elementor-element elementor-element-9333c1f e-flex e-con-boxed e-con e-parent\" data-id=\"9333c1f\" data-element_type=\"container\" data-e-type=\"container\">\n\t\t\t\t\t<div class=\"e-con-inner\">\n\t\t\t\t<div class=\"elementor-element elementor-element-15e8234 elementor-widget elementor-widget-image\" data-id=\"15e8234\" data-element_type=\"widget\" data-e-type=\"widget\" data-widget_type=\"image.default\">\n\t\t\t\t<div class=\"elementor-widget-container\">\n\t\t\t\t\t\t\t\t\t\t\t\t\t\t\t<img decoding=\"async\" width=\"800\" height=\"600\" src=\"https:\/\/paarpsgard.se\/wp-content\/uploads\/2025\/11\/IMG_2571-1024x768.jpeg\" class=\"attachment-large size-large wp-image-1832\" alt=\"\" srcset=\"https:\/\/paarpsgard.se\/wp-content\/uploads\/2025\/11\/IMG_2571-1024x768.jpeg 1024w, https:\/\/paarpsgard.se\/wp-content\/uploads\/2025\/11\/IMG_2571-300x225.jpeg 300w, https:\/\/paarpsgard.se\/wp-content\/uploads\/2025\/11\/IMG_2571-768x576.jpeg 768w, https:\/\/paarpsgard.se\/wp-content\/uploads\/2025\/11\/IMG_2571-1536x1152.jpeg 1536w, https:\/\/paarpsgard.se\/wp-content\/uploads\/2025\/11\/IMG_2571-2048x1536.jpeg 2048w\" sizes=\"(max-width: 800px) 100vw, 800px\" \/>\t\t\t\t\t\t\t\t\t\t\t\t\t\t\t<\/div>\n\t\t\t\t<\/div>\n\t\t\t\t\t<\/div>\n\t\t\t\t<\/div>\n\t\t<div class=\"elementor-element elementor-element-7baf0dd e-flex e-con-boxed e-con e-parent\" data-id=\"7baf0dd\" data-element_type=\"container\" data-e-type=\"container\">\n\t\t\t\t\t<div class=\"e-con-inner\">\n\t\t\t\t<div class=\"elementor-element elementor-element-205d1b1 elementor-widget elementor-widget-image\" data-id=\"205d1b1\" data-element_type=\"widget\" data-e-type=\"widget\" data-widget_type=\"image.default\">\n\t\t\t\t<div class=\"elementor-widget-container\">\n\t\t\t\t\t\t\t\t\t\t\t\t\t\t\t<img decoding=\"async\" width=\"800\" height=\"600\" src=\"https:\/\/paarpsgard.se\/wp-content\/uploads\/2025\/11\/IMG_2574-1024x768.jpeg\" class=\"attachment-large size-large wp-image-1830\" alt=\"\" srcset=\"https:\/\/paarpsgard.se\/wp-content\/uploads\/2025\/11\/IMG_2574-1024x768.jpeg 1024w, https:\/\/paarpsgard.se\/wp-content\/uploads\/2025\/11\/IMG_2574-300x225.jpeg 300w, https:\/\/paarpsgard.se\/wp-content\/uploads\/2025\/11\/IMG_2574-768x576.jpeg 768w, https:\/\/paarpsgard.se\/wp-content\/uploads\/2025\/11\/IMG_2574-1536x1153.jpeg 1536w, https:\/\/paarpsgard.se\/wp-content\/uploads\/2025\/11\/IMG_2574-2048x1537.jpeg 2048w\" sizes=\"(max-width: 800px) 100vw, 800px\" \/>\t\t\t\t\t\t\t\t\t\t\t\t\t\t\t<\/div>\n\t\t\t\t<\/div>\n\t\t\t\t\t<\/div>\n\t\t\t\t<\/div>\n\t\t\t\t<\/div>\n\t\t","protected":false},"excerpt":{"rendered":"<p>Real motorhome parking \/ Camping Real motorhome parking \/ Camping We offer pitches for motorhomes and caravans on our beautiful lake. There are four different areas to choose from: Price per night: SEK 200 (including electricity and access to service facilities) Here you are welcome to park in a free space.Payment is made via swish [&hellip;]<\/p>\n","protected":false},"author":1,"featured_media":0,"parent":0,"menu_order":0,"comment_status":"closed","ping_status":"closed","template":"","meta":{"footnotes":""},"class_list":["post-1566","page","type-page","status-publish","hentry"],"yoast_head":"<!-- This site is optimized with the Yoast SEO plugin v27.4 - https:\/\/yoast.com\/product\/yoast-seo-wordpress\/ -->\n<title>Real motorway service area -<\/title>\n<meta name=\"robots\" content=\"index, follow, max-snippet:-1, max-image-preview:large, max-video-preview:-1\" \/>\n<link rel=\"canonical\" href=\"https:\/\/paarpsgard.se\/stallplats\/\" \/>\n<meta property=\"og:locale\" content=\"en_US\" \/>\n<meta property=\"og:type\" content=\"article\" \/>\n<meta property=\"og:title\" content=\"Real motorway service area -\" \/>\n<meta property=\"og:description\" content=\"Real motorhome parking \/ Camping Real motorhome parking \/ Camping We offer pitches for motorhomes and caravans on our beautiful lake. There are four different areas to choose from: Price per night: SEK 200 (including electricity and access to service facilities) Here you are welcome to park in a free space.Payment is made via swish [&hellip;]\" \/>\n<meta property=\"og:url\" content=\"https:\/\/paarpsgard.se\/stallplats\/\" \/>\n<meta property=\"og:site_name\" content=\"P\u00e5aarps G\u00e5rd\" \/>\n<meta property=\"article:modified_time\" content=\"2026-03-24T19:56:50+00:00\" \/>\n<meta property=\"og:image\" content=\"https:\/\/paarpsgard.se\/wp-content\/uploads\/2024\/10\/DJI_0017-scaled.jpeg\" \/>\n\t<meta property=\"og:image:width\" content=\"2560\" \/>\n\t<meta property=\"og:image:height\" content=\"1920\" \/>\n\t<meta property=\"og:image:type\" content=\"image\/jpeg\" \/>\n<meta name=\"twitter:card\" content=\"summary_large_image\" \/>\n<meta name=\"twitter:label1\" content=\"Est. reading time\" \/>\n\t<meta name=\"twitter:data1\" content=\"1 minute\" \/>\n<script type=\"application\/ld+json\" class=\"yoast-schema-graph\">{\"@context\":\"https:\\\/\\\/schema.org\",\"@graph\":[{\"@type\":\"WebPage\",\"@id\":\"https:\\\/\\\/paarpsgard.se\\\/stallplats\\\/\",\"url\":\"https:\\\/\\\/paarpsgard.se\\\/stallplats\\\/\",\"name\":\"Real motorway service area -\",\"isPartOf\":{\"@id\":\"https:\\\/\\\/paarpsgard.se\\\/#website\"},\"primaryImageOfPage\":{\"@id\":\"https:\\\/\\\/paarpsgard.se\\\/stallplats\\\/#primaryimage\"},\"image\":{\"@id\":\"https:\\\/\\\/paarpsgard.se\\\/stallplats\\\/#primaryimage\"},\"thumbnailUrl\":\"https:\\\/\\\/paarpsgard.se\\\/wp-content\\\/uploads\\\/2024\\\/10\\\/DJI_0017-1024x768.jpeg\",\"datePublished\":\"2024-10-14T14:26:37+00:00\",\"dateModified\":\"2026-03-24T19:56:50+00:00\",\"breadcrumb\":{\"@id\":\"https:\\\/\\\/paarpsgard.se\\\/stallplats\\\/#breadcrumb\"},\"inLanguage\":\"en-US\",\"potentialAction\":[{\"@type\":\"ReadAction\",\"target\":[\"https:\\\/\\\/paarpsgard.se\\\/stallplats\\\/\"]}]},{\"@type\":\"ImageObject\",\"inLanguage\":\"en-US\",\"@id\":\"https:\\\/\\\/paarpsgard.se\\\/stallplats\\\/#primaryimage\",\"url\":\"https:\\\/\\\/paarpsgard.se\\\/wp-content\\\/uploads\\\/2024\\\/10\\\/DJI_0017-1024x768.jpeg\",\"contentUrl\":\"https:\\\/\\\/paarpsgard.se\\\/wp-content\\\/uploads\\\/2024\\\/10\\\/DJI_0017-1024x768.jpeg\"},{\"@type\":\"BreadcrumbList\",\"@id\":\"https:\\\/\\\/paarpsgard.se\\\/stallplats\\\/#breadcrumb\",\"itemListElement\":[{\"@type\":\"ListItem\",\"position\":1,\"name\":\"Home\",\"item\":\"https:\\\/\\\/paarpsgard.se\\\/\"},{\"@type\":\"ListItem\",\"position\":2,\"name\":\"Real motorway service area\"}]},{\"@type\":\"WebSite\",\"@id\":\"https:\\\/\\\/paarpsgard.se\\\/#website\",\"url\":\"https:\\\/\\\/paarpsgard.se\\\/\",\"name\":\"P\u00e5aarps G\u00e5rd\",\"description\":\"P\u00e5aarps G\u00e5rd\",\"publisher\":{\"@id\":\"https:\\\/\\\/paarpsgard.se\\\/#organization\"},\"potentialAction\":[{\"@type\":\"SearchAction\",\"target\":{\"@type\":\"EntryPoint\",\"urlTemplate\":\"https:\\\/\\\/paarpsgard.se\\\/?s={search_term_string}\"},\"query-input\":{\"@type\":\"PropertyValueSpecification\",\"valueRequired\":true,\"valueName\":\"search_term_string\"}}],\"inLanguage\":\"en-US\"},{\"@type\":\"Organization\",\"@id\":\"https:\\\/\\\/paarpsgard.se\\\/#organization\",\"name\":\"P\u00e5aarps G\u00e5rd\",\"url\":\"https:\\\/\\\/paarpsgard.se\\\/\",\"logo\":{\"@type\":\"ImageObject\",\"inLanguage\":\"en-US\",\"@id\":\"https:\\\/\\\/paarpsgard.se\\\/#\\\/schema\\\/logo\\\/image\\\/\",\"url\":\"https:\\\/\\\/paarpsgard.se\\\/wp-content\\\/uploads\\\/2024\\\/03\\\/logo.png\",\"contentUrl\":\"https:\\\/\\\/paarpsgard.se\\\/wp-content\\\/uploads\\\/2024\\\/03\\\/logo.png\",\"width\":280,\"height\":110,\"caption\":\"P\u00e5aarps G\u00e5rd\"},\"image\":{\"@id\":\"https:\\\/\\\/paarpsgard.se\\\/#\\\/schema\\\/logo\\\/image\\\/\"}}]}<\/script>\n<!-- \/ Yoast SEO plugin. -->","yoast_head_json":{"title":"Real motorway service area -","robots":{"index":"index","follow":"follow","max-snippet":"max-snippet:-1","max-image-preview":"max-image-preview:large","max-video-preview":"max-video-preview:-1"},"canonical":"https:\/\/paarpsgard.se\/stallplats\/","og_locale":"en_US","og_type":"article","og_title":"Real motorway service area -","og_description":"Real motorhome parking \/ Camping Real motorhome parking \/ Camping We offer pitches for motorhomes and caravans on our beautiful lake. There are four different areas to choose from: Price per night: SEK 200 (including electricity and access to service facilities) Here you are welcome to park in a free space.Payment is made via swish [&hellip;]","og_url":"https:\/\/paarpsgard.se\/stallplats\/","og_site_name":"P\u00e5aarps G\u00e5rd","article_modified_time":"2026-03-24T19:56:50+00:00","og_image":[{"width":2560,"height":1920,"url":"https:\/\/paarpsgard.se\/wp-content\/uploads\/2024\/10\/DJI_0017-scaled.jpeg","type":"image\/jpeg"}],"twitter_card":"summary_large_image","twitter_misc":{"Est. reading time":"1 minute"},"schema":{"@context":"https:\/\/schema.org","@graph":[{"@type":"WebPage","@id":"https:\/\/paarpsgard.se\/stallplats\/","url":"https:\/\/paarpsgard.se\/stallplats\/","name":"Real motorway service area -","isPartOf":{"@id":"https:\/\/paarpsgard.se\/#website"},"primaryImageOfPage":{"@id":"https:\/\/paarpsgard.se\/stallplats\/#primaryimage"},"image":{"@id":"https:\/\/paarpsgard.se\/stallplats\/#primaryimage"},"thumbnailUrl":"https:\/\/paarpsgard.se\/wp-content\/uploads\/2024\/10\/DJI_0017-1024x768.jpeg","datePublished":"2024-10-14T14:26:37+00:00","dateModified":"2026-03-24T19:56:50+00:00","breadcrumb":{"@id":"https:\/\/paarpsgard.se\/stallplats\/#breadcrumb"},"inLanguage":"en-US","potentialAction":[{"@type":"ReadAction","target":["https:\/\/paarpsgard.se\/stallplats\/"]}]},{"@type":"ImageObject","inLanguage":"en-US","@id":"https:\/\/paarpsgard.se\/stallplats\/#primaryimage","url":"https:\/\/paarpsgard.se\/wp-content\/uploads\/2024\/10\/DJI_0017-1024x768.jpeg","contentUrl":"https:\/\/paarpsgard.se\/wp-content\/uploads\/2024\/10\/DJI_0017-1024x768.jpeg"},{"@type":"BreadcrumbList","@id":"https:\/\/paarpsgard.se\/stallplats\/#breadcrumb","itemListElement":[{"@type":"ListItem","position":1,"name":"Home","item":"https:\/\/paarpsgard.se\/"},{"@type":"ListItem","position":2,"name":"Real motorway service area"}]},{"@type":"WebSite","@id":"https:\/\/paarpsgard.se\/#website","url":"https:\/\/paarpsgard.se\/","name":"P\u00e5aarps G\u00e5rd","description":"P\u00e5aarps G\u00e5rd","publisher":{"@id":"https:\/\/paarpsgard.se\/#organization"},"potentialAction":[{"@type":"SearchAction","target":{"@type":"EntryPoint","urlTemplate":"https:\/\/paarpsgard.se\/?s={search_term_string}"},"query-input":{"@type":"PropertyValueSpecification","valueRequired":true,"valueName":"search_term_string"}}],"inLanguage":"en-US"},{"@type":"Organization","@id":"https:\/\/paarpsgard.se\/#organization","name":"P\u00e5aarps G\u00e5rd","url":"https:\/\/paarpsgard.se\/","logo":{"@type":"ImageObject","inLanguage":"en-US","@id":"https:\/\/paarpsgard.se\/#\/schema\/logo\/image\/","url":"https:\/\/paarpsgard.se\/wp-content\/uploads\/2024\/03\/logo.png","contentUrl":"https:\/\/paarpsgard.se\/wp-content\/uploads\/2024\/03\/logo.png","width":280,"height":110,"caption":"P\u00e5aarps G\u00e5rd"},"image":{"@id":"https:\/\/paarpsgard.se\/#\/schema\/logo\/image\/"}}]}},"_links":{"self":[{"href":"https:\/\/paarpsgard.se\/en\/wp-json\/wp\/v2\/pages\/1566","targetHints":{"allow":["GET"]}}],"collection":[{"href":"https:\/\/paarpsgard.se\/en\/wp-json\/wp\/v2\/pages"}],"about":[{"href":"https:\/\/paarpsgard.se\/en\/wp-json\/wp\/v2\/types\/page"}],"author":[{"embeddable":true,"href":"https:\/\/paarpsgard.se\/en\/wp-json\/wp\/v2\/users\/1"}],"replies":[{"embeddable":true,"href":"https:\/\/paarpsgard.se\/en\/wp-json\/wp\/v2\/comments?post=1566"}],"version-history":[{"count":3,"href":"https:\/\/paarpsgard.se\/en\/wp-json\/wp\/v2\/pages\/1566\/revisions"}],"predecessor-version":[{"id":1876,"href":"https:\/\/paarpsgard.se\/en\/wp-json\/wp\/v2\/pages\/1566\/revisions\/1876"}],"wp:attachment":[{"href":"https:\/\/paarpsgard.se\/en\/wp-json\/wp\/v2\/media?parent=1566"}],"curies":[{"name":"wp","href":"https:\/\/api.w.org\/{rel}","templated":true}]}}